{"id":327,"date":"2024-10-16T16:40:19","date_gmt":"2024-10-16T16:40:19","guid":{"rendered":"https:\/\/managevirtually.sdu.edu.tr\/?page_id=327"},"modified":"2025-01-15T20:16:06","modified_gmt":"2025-01-15T17:16:06","slug":"it-person1","status":"publish","type":"page","link":"https:\/\/managevirtually.sdu.edu.tr\/it\/it-person1\/","title":{"rendered":"Prof. Biagio SIMONETTI"},"content":{"rendered":"\n<figure class=\"wp-block-image aligncenter size-full\"><img loading=\"lazy\" decoding=\"async\" width=\"203\" height=\"304\" src=\"https:\/\/managevirtually.sdu.edu.tr\/it\/wp-content\/uploads\/sites\/5\/2024\/10\/image-15.png\" alt=\"\" class=\"wp-image-328\" srcset=\"https:\/\/managevirtually.sdu.edu.tr\/it\/wp-content\/uploads\/sites\/5\/2024\/10\/image-15.png 203w, https:\/\/managevirtually.sdu.edu.tr\/it\/wp-content\/uploads\/sites\/5\/2024\/10\/image-15-200x300.png 200w\" sizes=\"(max-width: 203px) 100vw, 203px\" \/><\/figure>\n\n\n\n<p>Biagio Simonetti ha conseguito il dottorato in Statistica Computazionale. Attualmente ricopre il ruolo di Professore Ordinario presso la WSB Merito University di Danzica (Polonia) e di Professore Associato di Statistica presso l\u2019Universit\u00e0 degli Studi del Sannio (Italia). La sua ricerca si concentra principalmente sui Metodi Statistici Multivariati, con particolare attenzione all&#8217;Analisi delle Corrispondenze, applicata soprattutto alla valutazione della Soddisfazione del Cliente.<\/p>\n\n\n\n<p>Simonetti contribuisce attivamente all&#8217;organizzazione e allo sviluppo dei programmi di diverse conferenze chiave nei campi dei Metodi Multivariati e della Teoria delle Decisioni. \u00c8 autore di oltre 80 articoli presentati in conferenze e pubblicati su riviste di alto impatto come il <em>Journal of Multivariate Analysis<\/em>, <em>Journal of Applied Statistics<\/em>, <em>Communication in Statistics \u2013 Theory and Methods<\/em>, e il <em>Journal of Statistical Planning and Inference<\/em>.<\/p>\n\n\n\n<p>Oltre ai suoi ruoli accademici, \u00e8 profondamente coinvolto nelle relazioni internazionali per l\u2019Universit\u00e0 degli Studi del Sannio, dove opera come delegato del Rettore. La sua leadership si estende alla comunit\u00e0 accademica pi\u00f9 ampia, dove ricopre il ruolo di Segretario Generale della Societ\u00e0 Italiana di Scienze del Turismo (SISTUR), coordinando diversi progetti internazionali che promuovono scambi educativi e culturali. Inoltre, \u00e8 Associate Editor del <em>Quality &amp; Quantity Journal<\/em> e del <em>Journal of Statistical Methods and Applications<\/em>.<\/p>\n\n\n\n<p><\/p>\n\n\n\n<p><\/p>\n\n\n\n<p><\/p>\n","protected":false},"excerpt":{"rendered":"<p>Biagio Simonetti ha conseguito il dottorato in Statistica Computazionale. Attualmente ricopre il ruolo di Professore Ordinario presso la WSB Merito University di Danzica (Polonia) e di Professore Associato di Statistica presso l\u2019Universit\u00e0 degli Studi del Sannio (Italia). La sua ricerca si concentra principalmente sui Metodi Statistici Multivariati, con particolare attenzione all&#8217;Analisi delle Corrispondenze, applicata soprattutto [&hellip;]<\/p>\n","protected":false},"author":1,"featured_media":0,"parent":0,"menu_order":0,"comment_status":"closed","ping_status":"closed","template":"","meta":{"footnotes":""},"class_list":["post-327","page","type-page","status-publish","hentry"],"_links":{"self":[{"href":"https:\/\/managevirtually.sdu.edu.tr\/it\/wp-json\/wp\/v2\/pages\/327"}],"collection":[{"href":"https:\/\/managevirtually.sdu.edu.tr\/it\/wp-json\/wp\/v2\/pages"}],"about":[{"href":"https:\/\/managevirtually.sdu.edu.tr\/it\/wp-json\/wp\/v2\/types\/page"}],"author":[{"embeddable":true,"href":"https:\/\/managevirtually.sdu.edu.tr\/it\/wp-json\/wp\/v2\/users\/1"}],"replies":[{"embeddable":true,"href":"https:\/\/managevirtually.sdu.edu.tr\/it\/wp-json\/wp\/v2\/comments?post=327"}],"version-history":[{"count":1,"href":"https:\/\/managevirtually.sdu.edu.tr\/it\/wp-json\/wp\/v2\/pages\/327\/revisions"}],"predecessor-version":[{"id":470,"href":"https:\/\/managevirtually.sdu.edu.tr\/it\/wp-json\/wp\/v2\/pages\/327\/revisions\/470"}],"wp:attachment":[{"href":"https:\/\/managevirtually.sdu.edu.tr\/it\/wp-json\/wp\/v2\/media?parent=327"}],"curies":[{"name":"wp","href":"https:\/\/api.w.org\/{rel}","templated":true}]}}