{"id":313,"date":"2024-10-16T16:32:37","date_gmt":"2024-10-16T16:32:37","guid":{"rendered":"https:\/\/managevirtually.sdu.edu.tr\/?page_id=313"},"modified":"2025-01-15T20:44:56","modified_gmt":"2025-01-15T17:44:56","slug":"pt-person2","status":"publish","type":"page","link":"https:\/\/managevirtually.sdu.edu.tr\/it\/pt-person2\/","title":{"rendered":"Docente a Contratto Maria Am\u00e9lia CARVALHO"},"content":{"rendered":"\n<figure class=\"wp-block-image aligncenter size-full\"><img loading=\"lazy\" decoding=\"async\" width=\"241\" height=\"308\" src=\"https:\/\/managevirtually.sdu.edu.tr\/it\/wp-content\/uploads\/sites\/5\/2024\/10\/image-11.png\" alt=\"\" class=\"wp-image-314\" srcset=\"https:\/\/managevirtually.sdu.edu.tr\/it\/wp-content\/uploads\/sites\/5\/2024\/10\/image-11.png 241w, https:\/\/managevirtually.sdu.edu.tr\/it\/wp-content\/uploads\/sites\/5\/2024\/10\/image-11-235x300.png 235w\" sizes=\"(max-width: 241px) 100vw, 241px\" \/><\/figure>\n\n\n\n<p>Maria Am\u00e9lia Carvalho ha conseguito un dottorato in Business e Management Studies, specializzandosi in Marketing e Strategia, presso la Facolt\u00e0 di Economia dell&#8217;Universit\u00e0 di Porto. Ha anche un Master in Economia Urbana e Gestione e una laurea in Economia. Attualmente \u00e8 docente a contratto presso ISCAP e membro del centro di ricerca CEOS.PP. Ha pubblicato articoli in riviste come il <em>Journal of Marketing Theory and Practice<\/em> e ha curato libri accademici indicizzati.<\/p>\n","protected":false},"excerpt":{"rendered":"<p>Maria Am\u00e9lia Carvalho ha conseguito un dottorato in Business e Management Studies, specializzandosi in Marketing e Strategia, presso la Facolt\u00e0 di Economia dell&#8217;Universit\u00e0 di Porto. Ha anche un Master in Economia Urbana e Gestione e una laurea in Economia. Attualmente \u00e8 docente a contratto presso ISCAP e membro del centro di ricerca CEOS.PP. Ha pubblicato [&hellip;]<\/p>\n","protected":false},"author":1,"featured_media":0,"parent":0,"menu_order":0,"comment_status":"closed","ping_status":"closed","template":"","meta":{"footnotes":""},"class_list":["post-313","page","type-page","status-publish","hentry"],"_links":{"self":[{"href":"https:\/\/managevirtually.sdu.edu.tr\/it\/wp-json\/wp\/v2\/pages\/313"}],"collection":[{"href":"https:\/\/managevirtually.sdu.edu.tr\/it\/wp-json\/wp\/v2\/pages"}],"about":[{"href":"https:\/\/managevirtually.sdu.edu.tr\/it\/wp-json\/wp\/v2\/types\/page"}],"author":[{"embeddable":true,"href":"https:\/\/managevirtually.sdu.edu.tr\/it\/wp-json\/wp\/v2\/users\/1"}],"replies":[{"embeddable":true,"href":"https:\/\/managevirtually.sdu.edu.tr\/it\/wp-json\/wp\/v2\/comments?post=313"}],"version-history":[{"count":1,"href":"https:\/\/managevirtually.sdu.edu.tr\/it\/wp-json\/wp\/v2\/pages\/313\/revisions"}],"predecessor-version":[{"id":492,"href":"https:\/\/managevirtually.sdu.edu.tr\/it\/wp-json\/wp\/v2\/pages\/313\/revisions\/492"}],"wp:attachment":[{"href":"https:\/\/managevirtually.sdu.edu.tr\/it\/wp-json\/wp\/v2\/media?parent=313"}],"curies":[{"name":"wp","href":"https:\/\/api.w.org\/{rel}","templated":true}]}}