{"id":310,"date":"2024-10-16T16:31:53","date_gmt":"2024-10-16T16:31:53","guid":{"rendered":"https:\/\/managevirtually.sdu.edu.tr\/?page_id=310"},"modified":"2025-01-15T20:43:59","modified_gmt":"2025-01-15T17:43:59","slug":"pt-person1","status":"publish","type":"page","link":"https:\/\/managevirtually.sdu.edu.tr\/it\/pt-person1\/","title":{"rendered":"Senior Lecturer Maria Ant\u00f3nia Gon\u00e7alves RODRIGUES"},"content":{"rendered":"\n<figure class=\"wp-block-image aligncenter size-full\"><img loading=\"lazy\" decoding=\"async\" width=\"301\" height=\"301\" src=\"https:\/\/managevirtually.sdu.edu.tr\/it\/wp-content\/uploads\/sites\/5\/2024\/10\/image-10.png\" alt=\"\" class=\"wp-image-311\" srcset=\"https:\/\/managevirtually.sdu.edu.tr\/it\/wp-content\/uploads\/sites\/5\/2024\/10\/image-10.png 301w, https:\/\/managevirtually.sdu.edu.tr\/it\/wp-content\/uploads\/sites\/5\/2024\/10\/image-10-150x150.png 150w\" sizes=\"(max-width: 301px) 100vw, 301px\" \/><\/figure>\n\n\n\n<p>Maria Ant\u00f3nia Gon\u00e7alves Rodrigues ha conseguito un dottorato in Comunicazione\/Marketing presso l&#8217;Universit\u00e0 di Vigo, un Master in Marketing presso l&#8217;Universit\u00e0 di Porto e due lauree in Marketing e Commercio Internazionale presso ISCAP. \u00c8 senior lecturer presso ISCAP e membro dei Consigli Scientifico e Consultivo. \u00c8 direttrice del corso di laurea in Marketing e autrice di numerosi articoli e libri indicizzati in SCOPUS e WoS. Ha ricevuto due premi per i suoi contributi accademici.<\/p>\n","protected":false},"excerpt":{"rendered":"<p>Maria Ant\u00f3nia Gon\u00e7alves Rodrigues ha conseguito un dottorato in Comunicazione\/Marketing presso l&#8217;Universit\u00e0 di Vigo, un Master in Marketing presso l&#8217;Universit\u00e0 di Porto e due lauree in Marketing e Commercio Internazionale presso ISCAP. \u00c8 senior lecturer presso ISCAP e membro dei Consigli Scientifico e Consultivo. \u00c8 direttrice del corso di laurea in Marketing e autrice di [&hellip;]<\/p>\n","protected":false},"author":1,"featured_media":0,"parent":0,"menu_order":0,"comment_status":"closed","ping_status":"closed","template":"","meta":{"footnotes":""},"class_list":["post-310","page","type-page","status-publish","hentry"],"_links":{"self":[{"href":"https:\/\/managevirtually.sdu.edu.tr\/it\/wp-json\/wp\/v2\/pages\/310"}],"collection":[{"href":"https:\/\/managevirtually.sdu.edu.tr\/it\/wp-json\/wp\/v2\/pages"}],"about":[{"href":"https:\/\/managevirtually.sdu.edu.tr\/it\/wp-json\/wp\/v2\/types\/page"}],"author":[{"embeddable":true,"href":"https:\/\/managevirtually.sdu.edu.tr\/it\/wp-json\/wp\/v2\/users\/1"}],"replies":[{"embeddable":true,"href":"https:\/\/managevirtually.sdu.edu.tr\/it\/wp-json\/wp\/v2\/comments?post=310"}],"version-history":[{"count":1,"href":"https:\/\/managevirtually.sdu.edu.tr\/it\/wp-json\/wp\/v2\/pages\/310\/revisions"}],"predecessor-version":[{"id":491,"href":"https:\/\/managevirtually.sdu.edu.tr\/it\/wp-json\/wp\/v2\/pages\/310\/revisions\/491"}],"wp:attachment":[{"href":"https:\/\/managevirtually.sdu.edu.tr\/it\/wp-json\/wp\/v2\/media?parent=310"}],"curies":[{"name":"wp","href":"https:\/\/api.w.org\/{rel}","templated":true}]}}