{"id":306,"date":"2024-10-16T16:28:23","date_gmt":"2024-10-16T16:28:23","guid":{"rendered":"https:\/\/managevirtually.sdu.edu.tr\/?page_id=306"},"modified":"2025-01-15T20:12:01","modified_gmt":"2025-01-15T17:12:01","slug":"tr-person9","status":"publish","type":"page","link":"https:\/\/managevirtually.sdu.edu.tr\/it\/tr-person9\/","title":{"rendered":"Lecturer Ziya D\u0130RL\u0130K"},"content":{"rendered":"\n<figure class=\"wp-block-image aligncenter size-full\"><img loading=\"lazy\" decoding=\"async\" width=\"329\" height=\"219\" src=\"https:\/\/managevirtually.sdu.edu.tr\/it\/wp-content\/uploads\/sites\/5\/2024\/10\/image-9.png\" alt=\"\" class=\"wp-image-307\" srcset=\"https:\/\/managevirtually.sdu.edu.tr\/it\/wp-content\/uploads\/sites\/5\/2024\/10\/image-9.png 329w, https:\/\/managevirtually.sdu.edu.tr\/it\/wp-content\/uploads\/sites\/5\/2024\/10\/image-9-300x200.png 300w\" sizes=\"(max-width: 329px) 100vw, 329px\" \/><\/figure>\n\n\n\n<p>Ziya D\u0130RL\u0130K si \u00e8 laureato presso la S\u00fcleyman Demirel University nel 2013 e sta attualmente completando il dottorato presso il Dipartimento di Ingegneria Informatica della stessa universit\u00e0. Ha lavorato come sviluppatore software alla S\u00fcleyman Demirel University dal 2014 al 2019 e, dal 2019, lavora come docente presso l&#8217;Universit\u00e0 di Scienze Applicate di Isparta, dove tiene corsi nell&#8217;ambito delle scienze informatiche.<\/p>\n","protected":false},"excerpt":{"rendered":"<p>Ziya D\u0130RL\u0130K si \u00e8 laureato presso la S\u00fcleyman Demirel University nel 2013 e sta attualmente completando il dottorato presso il Dipartimento di Ingegneria Informatica della stessa universit\u00e0. Ha lavorato come sviluppatore software alla S\u00fcleyman Demirel University dal 2014 al 2019 e, dal 2019, lavora come docente presso l&#8217;Universit\u00e0 di Scienze Applicate di Isparta, dove tiene [&hellip;]<\/p>\n","protected":false},"author":1,"featured_media":0,"parent":0,"menu_order":0,"comment_status":"closed","ping_status":"closed","template":"","meta":{"footnotes":""},"class_list":["post-306","page","type-page","status-publish","hentry"],"_links":{"self":[{"href":"https:\/\/managevirtually.sdu.edu.tr\/it\/wp-json\/wp\/v2\/pages\/306"}],"collection":[{"href":"https:\/\/managevirtually.sdu.edu.tr\/it\/wp-json\/wp\/v2\/pages"}],"about":[{"href":"https:\/\/managevirtually.sdu.edu.tr\/it\/wp-json\/wp\/v2\/types\/page"}],"author":[{"embeddable":true,"href":"https:\/\/managevirtually.sdu.edu.tr\/it\/wp-json\/wp\/v2\/users\/1"}],"replies":[{"embeddable":true,"href":"https:\/\/managevirtually.sdu.edu.tr\/it\/wp-json\/wp\/v2\/comments?post=306"}],"version-history":[{"count":1,"href":"https:\/\/managevirtually.sdu.edu.tr\/it\/wp-json\/wp\/v2\/pages\/306\/revisions"}],"predecessor-version":[{"id":463,"href":"https:\/\/managevirtually.sdu.edu.tr\/it\/wp-json\/wp\/v2\/pages\/306\/revisions\/463"}],"wp:attachment":[{"href":"https:\/\/managevirtually.sdu.edu.tr\/it\/wp-json\/wp\/v2\/media?parent=306"}],"curies":[{"name":"wp","href":"https:\/\/api.w.org\/{rel}","templated":true}]}}