{"id":300,"date":"2024-10-16T16:27:02","date_gmt":"2024-10-16T16:27:02","guid":{"rendered":"https:\/\/managevirtually.sdu.edu.tr\/?page_id=300"},"modified":"2025-01-15T20:10:58","modified_gmt":"2025-01-15T17:10:58","slug":"tr-person7","status":"publish","type":"page","link":"https:\/\/managevirtually.sdu.edu.tr\/it\/tr-person7\/","title":{"rendered":"Prof. Turgay AYDO\u011eAN"},"content":{"rendered":"\n<figure class=\"wp-block-image aligncenter size-full\"><img loading=\"lazy\" decoding=\"async\" width=\"388\" height=\"259\" src=\"https:\/\/managevirtually.sdu.edu.tr\/it\/wp-content\/uploads\/sites\/5\/2024\/10\/image-7.png\" alt=\"\" class=\"wp-image-301\" srcset=\"https:\/\/managevirtually.sdu.edu.tr\/it\/wp-content\/uploads\/sites\/5\/2024\/10\/image-7.png 388w, https:\/\/managevirtually.sdu.edu.tr\/it\/wp-content\/uploads\/sites\/5\/2024\/10\/image-7-300x200.png 300w\" sizes=\"(max-width: 388px) 100vw, 388px\" \/><\/figure>\n\n\n\n<p>Turgay Aydo\u011fan si \u00e8 laureato presso il Dipartimento di Elettronica e Informatica della S\u00fcleyman Demirel University nel 2005. Ha conseguito il master presso la S\u00fcleyman Demirel University nel 2008 e il dottorato presso l&#8217;Universit\u00e0 di Sakarya nel 2016. Dal 2017 lavora come Assistant Professor nel Dipartimento di Ingegneria Informatica, Facolt\u00e0 di Ingegneria e Scienze Naturali. Tiene lezioni su linguaggi di programmazione e programmazione di sistemi embedded.<\/p>\n","protected":false},"excerpt":{"rendered":"<p>Turgay Aydo\u011fan si \u00e8 laureato presso il Dipartimento di Elettronica e Informatica della S\u00fcleyman Demirel University nel 2005. Ha conseguito il master presso la S\u00fcleyman Demirel University nel 2008 e il dottorato presso l&#8217;Universit\u00e0 di Sakarya nel 2016. Dal 2017 lavora come Assistant Professor nel Dipartimento di Ingegneria Informatica, Facolt\u00e0 di Ingegneria e Scienze Naturali. [&hellip;]<\/p>\n","protected":false},"author":1,"featured_media":0,"parent":0,"menu_order":0,"comment_status":"closed","ping_status":"closed","template":"","meta":{"footnotes":""},"class_list":["post-300","page","type-page","status-publish","hentry"],"_links":{"self":[{"href":"https:\/\/managevirtually.sdu.edu.tr\/it\/wp-json\/wp\/v2\/pages\/300"}],"collection":[{"href":"https:\/\/managevirtually.sdu.edu.tr\/it\/wp-json\/wp\/v2\/pages"}],"about":[{"href":"https:\/\/managevirtually.sdu.edu.tr\/it\/wp-json\/wp\/v2\/types\/page"}],"author":[{"embeddable":true,"href":"https:\/\/managevirtually.sdu.edu.tr\/it\/wp-json\/wp\/v2\/users\/1"}],"replies":[{"embeddable":true,"href":"https:\/\/managevirtually.sdu.edu.tr\/it\/wp-json\/wp\/v2\/comments?post=300"}],"version-history":[{"count":1,"href":"https:\/\/managevirtually.sdu.edu.tr\/it\/wp-json\/wp\/v2\/pages\/300\/revisions"}],"predecessor-version":[{"id":461,"href":"https:\/\/managevirtually.sdu.edu.tr\/it\/wp-json\/wp\/v2\/pages\/300\/revisions\/461"}],"wp:attachment":[{"href":"https:\/\/managevirtually.sdu.edu.tr\/it\/wp-json\/wp\/v2\/media?parent=300"}],"curies":[{"name":"wp","href":"https:\/\/api.w.org\/{rel}","templated":true}]}}