{"id":297,"date":"2024-10-16T16:25:55","date_gmt":"2024-10-16T16:25:55","guid":{"rendered":"https:\/\/managevirtually.sdu.edu.tr\/?page_id=297"},"modified":"2025-01-15T20:13:26","modified_gmt":"2025-01-15T17:13:26","slug":"tr-person6","status":"publish","type":"page","link":"https:\/\/managevirtually.sdu.edu.tr\/it\/tr-person6\/","title":{"rendered":"Prof. Ecir U\u011fur K\u00dc\u00c7\u00dcKS\u0130LLE"},"content":{"rendered":"\n<figure class=\"wp-block-image aligncenter size-full\"><img loading=\"lazy\" decoding=\"async\" width=\"346\" height=\"230\" src=\"https:\/\/managevirtually.sdu.edu.tr\/it\/wp-content\/uploads\/sites\/5\/2024\/10\/image-6.png\" alt=\"\" class=\"wp-image-298\" srcset=\"https:\/\/managevirtually.sdu.edu.tr\/it\/wp-content\/uploads\/sites\/5\/2024\/10\/image-6.png 346w, https:\/\/managevirtually.sdu.edu.tr\/it\/wp-content\/uploads\/sites\/5\/2024\/10\/image-6-300x199.png 300w\" sizes=\"(max-width: 346px) 100vw, 346px\" \/><\/figure>\n\n\n\n<p>Ecir U\u011fur K\u00fc\u00e7\u00fcksille \u00e8 nato a Isparta nel 1976. Ha completato gli studi universitari presso l&#8217;Universit\u00e0 di Gazi e i master e dottorato presso la S\u00fcleyman Demirel University. Attualmente \u00e8 docente presso il Dipartimento di Ingegneria Informatica della Facolt\u00e0 di Ingegneria e Scienze Naturali. I suoi ambiti di ricerca includono Intelligenza Artificiale, Apprendimento Automatico, Elaborazione del Linguaggio Naturale e Sicurezza Informatica.<\/p>\n","protected":false},"excerpt":{"rendered":"<p>Ecir U\u011fur K\u00fc\u00e7\u00fcksille \u00e8 nato a Isparta nel 1976. Ha completato gli studi universitari presso l&#8217;Universit\u00e0 di Gazi e i master e dottorato presso la S\u00fcleyman Demirel University. Attualmente \u00e8 docente presso il Dipartimento di Ingegneria Informatica della Facolt\u00e0 di Ingegneria e Scienze Naturali. I suoi ambiti di ricerca includono Intelligenza Artificiale, Apprendimento Automatico, Elaborazione [&hellip;]<\/p>\n","protected":false},"author":1,"featured_media":0,"parent":0,"menu_order":0,"comment_status":"closed","ping_status":"closed","template":"","meta":{"footnotes":""},"class_list":["post-297","page","type-page","status-publish","hentry"],"_links":{"self":[{"href":"https:\/\/managevirtually.sdu.edu.tr\/it\/wp-json\/wp\/v2\/pages\/297"}],"collection":[{"href":"https:\/\/managevirtually.sdu.edu.tr\/it\/wp-json\/wp\/v2\/pages"}],"about":[{"href":"https:\/\/managevirtually.sdu.edu.tr\/it\/wp-json\/wp\/v2\/types\/page"}],"author":[{"embeddable":true,"href":"https:\/\/managevirtually.sdu.edu.tr\/it\/wp-json\/wp\/v2\/users\/1"}],"replies":[{"embeddable":true,"href":"https:\/\/managevirtually.sdu.edu.tr\/it\/wp-json\/wp\/v2\/comments?post=297"}],"version-history":[{"count":1,"href":"https:\/\/managevirtually.sdu.edu.tr\/it\/wp-json\/wp\/v2\/pages\/297\/revisions"}],"predecessor-version":[{"id":466,"href":"https:\/\/managevirtually.sdu.edu.tr\/it\/wp-json\/wp\/v2\/pages\/297\/revisions\/466"}],"wp:attachment":[{"href":"https:\/\/managevirtually.sdu.edu.tr\/it\/wp-json\/wp\/v2\/media?parent=297"}],"curies":[{"name":"wp","href":"https:\/\/api.w.org\/{rel}","templated":true}]}}