{"id":294,"date":"2024-10-16T16:25:10","date_gmt":"2024-10-16T16:25:10","guid":{"rendered":"https:\/\/managevirtually.sdu.edu.tr\/?page_id=294"},"modified":"2025-01-15T20:11:32","modified_gmt":"2025-01-15T17:11:32","slug":"tr-person5","status":"publish","type":"page","link":"https:\/\/managevirtually.sdu.edu.tr\/it\/tr-person5\/","title":{"rendered":"Prof. G\u00fclay BULGAN"},"content":{"rendered":"\n<figure class=\"wp-block-image aligncenter size-full\"><img loading=\"lazy\" decoding=\"async\" width=\"369\" height=\"246\" src=\"https:\/\/managevirtually.sdu.edu.tr\/it\/wp-content\/uploads\/sites\/5\/2024\/10\/image-5.png\" alt=\"\" class=\"wp-image-295\" srcset=\"https:\/\/managevirtually.sdu.edu.tr\/it\/wp-content\/uploads\/sites\/5\/2024\/10\/image-5.png 369w, https:\/\/managevirtually.sdu.edu.tr\/it\/wp-content\/uploads\/sites\/5\/2024\/10\/image-5-300x200.png 300w\" sizes=\"(max-width: 369px) 100vw, 369px\" \/><\/figure>\n\n\n\n<p>G\u00fclay Bulgan lavora presso la S\u00fcleyman Demirel University, Turchia, dal 2008. Ha conseguito la laurea in Scienze del Turismo presso l&#8217;Universit\u00e0 di Bal\u0131kesir nel 2005 e il master in Gestione del Turismo presso l&#8217;Universit\u00e0 di Afyon Kocatepe nel 2010. Ha completato il dottorato in Amministrazione Aziendale presso la S\u00fcleyman Demirel University nel 2014. Bulgan ha esperienza in progetti nazionali e internazionali e i suoi ambiti di interesse includono il turismo accessibile, il turismo alternativo, la gestione alberghiera e l&#8217;economia del turismo.<\/p>\n","protected":false},"excerpt":{"rendered":"<p>G\u00fclay Bulgan lavora presso la S\u00fcleyman Demirel University, Turchia, dal 2008. Ha conseguito la laurea in Scienze del Turismo presso l&#8217;Universit\u00e0 di Bal\u0131kesir nel 2005 e il master in Gestione del Turismo presso l&#8217;Universit\u00e0 di Afyon Kocatepe nel 2010. Ha completato il dottorato in Amministrazione Aziendale presso la S\u00fcleyman Demirel University nel 2014. Bulgan ha [&hellip;]<\/p>\n","protected":false},"author":1,"featured_media":0,"parent":0,"menu_order":0,"comment_status":"closed","ping_status":"closed","template":"","meta":{"footnotes":""},"class_list":["post-294","page","type-page","status-publish","hentry"],"_links":{"self":[{"href":"https:\/\/managevirtually.sdu.edu.tr\/it\/wp-json\/wp\/v2\/pages\/294"}],"collection":[{"href":"https:\/\/managevirtually.sdu.edu.tr\/it\/wp-json\/wp\/v2\/pages"}],"about":[{"href":"https:\/\/managevirtually.sdu.edu.tr\/it\/wp-json\/wp\/v2\/types\/page"}],"author":[{"embeddable":true,"href":"https:\/\/managevirtually.sdu.edu.tr\/it\/wp-json\/wp\/v2\/users\/1"}],"replies":[{"embeddable":true,"href":"https:\/\/managevirtually.sdu.edu.tr\/it\/wp-json\/wp\/v2\/comments?post=294"}],"version-history":[{"count":1,"href":"https:\/\/managevirtually.sdu.edu.tr\/it\/wp-json\/wp\/v2\/pages\/294\/revisions"}],"predecessor-version":[{"id":462,"href":"https:\/\/managevirtually.sdu.edu.tr\/it\/wp-json\/wp\/v2\/pages\/294\/revisions\/462"}],"wp:attachment":[{"href":"https:\/\/managevirtually.sdu.edu.tr\/it\/wp-json\/wp\/v2\/media?parent=294"}],"curies":[{"name":"wp","href":"https:\/\/api.w.org\/{rel}","templated":true}]}}