{"id":291,"date":"2024-10-16T16:24:35","date_gmt":"2024-10-16T16:24:35","guid":{"rendered":"https:\/\/managevirtually.sdu.edu.tr\/?page_id=291"},"modified":"2025-01-15T20:12:33","modified_gmt":"2025-01-15T17:12:33","slug":"tr-person4","status":"publish","type":"page","link":"https:\/\/managevirtually.sdu.edu.tr\/it\/tr-person4\/","title":{"rendered":"Prof. Burcu ASLANTA\u015e ATE\u015e"},"content":{"rendered":"\n<figure class=\"wp-block-image aligncenter size-full\"><img loading=\"lazy\" decoding=\"async\" width=\"328\" height=\"219\" src=\"https:\/\/managevirtually.sdu.edu.tr\/it\/wp-content\/uploads\/sites\/5\/2024\/10\/image-4.png\" alt=\"\" class=\"wp-image-292\" srcset=\"https:\/\/managevirtually.sdu.edu.tr\/it\/wp-content\/uploads\/sites\/5\/2024\/10\/image-4.png 328w, https:\/\/managevirtually.sdu.edu.tr\/it\/wp-content\/uploads\/sites\/5\/2024\/10\/image-4-300x200.png 300w\" sizes=\"(max-width: 328px) 100vw, 328px\" \/><\/figure>\n\n\n\n<p>Burcu Aslanta\u015f Ate\u015f ha conseguito la laurea triennale presso il Dipartimento di Amministrazione Aziendale dell&#8217;Universit\u00e0 di Anadolu nel 2000, il master presso l&#8217;Universit\u00e0 Eski\u015fehir Osmangazi nel 2003 e il dottorato presso la S\u00fcleyman Demirel University nel 2011. \u00c8 diventata professore associato in contabilit\u00e0 nel 2017 e professore ordinario a partire dal 2023. Si occupa di sistemi informativi contabili, standard di rendicontazione finanziaria, analisi dei costi, costi sanitari, obiettivi di sostenibilit\u00e0 e sviluppo del benessere. Tiene lezioni, negli stessi ambiti, a corsi di laurea triennale, magistrale e post-laurea.<\/p>\n","protected":false},"excerpt":{"rendered":"<p>Burcu Aslanta\u015f Ate\u015f ha conseguito la laurea triennale presso il Dipartimento di Amministrazione Aziendale dell&#8217;Universit\u00e0 di Anadolu nel 2000, il master presso l&#8217;Universit\u00e0 Eski\u015fehir Osmangazi nel 2003 e il dottorato presso la S\u00fcleyman Demirel University nel 2011. \u00c8 diventata professore associato in contabilit\u00e0 nel 2017 e professore ordinario a partire dal 2023. Si occupa di [&hellip;]<\/p>\n","protected":false},"author":1,"featured_media":0,"parent":0,"menu_order":0,"comment_status":"closed","ping_status":"closed","template":"","meta":{"footnotes":""},"class_list":["post-291","page","type-page","status-publish","hentry"],"_links":{"self":[{"href":"https:\/\/managevirtually.sdu.edu.tr\/it\/wp-json\/wp\/v2\/pages\/291"}],"collection":[{"href":"https:\/\/managevirtually.sdu.edu.tr\/it\/wp-json\/wp\/v2\/pages"}],"about":[{"href":"https:\/\/managevirtually.sdu.edu.tr\/it\/wp-json\/wp\/v2\/types\/page"}],"author":[{"embeddable":true,"href":"https:\/\/managevirtually.sdu.edu.tr\/it\/wp-json\/wp\/v2\/users\/1"}],"replies":[{"embeddable":true,"href":"https:\/\/managevirtually.sdu.edu.tr\/it\/wp-json\/wp\/v2\/comments?post=291"}],"version-history":[{"count":1,"href":"https:\/\/managevirtually.sdu.edu.tr\/it\/wp-json\/wp\/v2\/pages\/291\/revisions"}],"predecessor-version":[{"id":464,"href":"https:\/\/managevirtually.sdu.edu.tr\/it\/wp-json\/wp\/v2\/pages\/291\/revisions\/464"}],"wp:attachment":[{"href":"https:\/\/managevirtually.sdu.edu.tr\/it\/wp-json\/wp\/v2\/media?parent=291"}],"curies":[{"name":"wp","href":"https:\/\/api.w.org\/{rel}","templated":true}]}}