{"id":288,"date":"2024-10-16T16:23:49","date_gmt":"2024-10-16T16:23:49","guid":{"rendered":"https:\/\/managevirtually.sdu.edu.tr\/?page_id=288"},"modified":"2025-01-15T20:12:58","modified_gmt":"2025-01-15T17:12:58","slug":"tr-person3","status":"publish","type":"page","link":"https:\/\/managevirtually.sdu.edu.tr\/it\/tr-person3\/","title":{"rendered":"Prof. Didar B\u00dcY\u00dcKER \u0130\u015eLER"},"content":{"rendered":"\n<figure class=\"wp-block-image aligncenter size-full\"><img loading=\"lazy\" decoding=\"async\" width=\"327\" height=\"218\" src=\"https:\/\/managevirtually.sdu.edu.tr\/it\/wp-content\/uploads\/sites\/5\/2024\/10\/image-3.png\" alt=\"\" class=\"wp-image-289\" srcset=\"https:\/\/managevirtually.sdu.edu.tr\/it\/wp-content\/uploads\/sites\/5\/2024\/10\/image-3.png 327w, https:\/\/managevirtually.sdu.edu.tr\/it\/wp-content\/uploads\/sites\/5\/2024\/10\/image-3-300x200.png 300w\" sizes=\"(max-width: 327px) 100vw, 327px\" \/><\/figure>\n\n\n\n<p>Didar B\u00fcy\u00fcker \u0130\u015fler si \u00e8 laureata nel 2001 come prima della sua classe presso la S\u00fcleyman Demirel University e ha ottenuto il dottorato nel 2009 nello stesso dipartimento. Lavora come Professore a tempo pieno dal 2021. Insegna Marketing Digitale, Pubblicit\u00e0, Ricerche di Mercato e Comportamento del Consumatore per corsi di laurea triennale, magistrale e post-laurea. Ha partecipato come ricercatrice in diversi progetti nazionali e dell&#8217;UE per i giovani. Ha pubblicato articoli sul marketing digitale, il comportamento d&#8217;acquisto dei consumatori e le relazioni con i clienti sui social. \u00c8 esperta in metodi statistici multivariati, come i modelli di equazioni strutturali e di regressione multipla. \u00c8 membro dell&#8217;Associazione di Marketing e Ricerca di Mercato.<\/p>\n\n\n\n<p><\/p>\n","protected":false},"excerpt":{"rendered":"<p>Didar B\u00fcy\u00fcker \u0130\u015fler si \u00e8 laureata nel 2001 come prima della sua classe presso la S\u00fcleyman Demirel University e ha ottenuto il dottorato nel 2009 nello stesso dipartimento. Lavora come Professore a tempo pieno dal 2021. Insegna Marketing Digitale, Pubblicit\u00e0, Ricerche di Mercato e Comportamento del Consumatore per corsi di laurea triennale, magistrale e post-laurea. [&hellip;]<\/p>\n","protected":false},"author":1,"featured_media":0,"parent":0,"menu_order":0,"comment_status":"closed","ping_status":"closed","template":"","meta":{"footnotes":""},"class_list":["post-288","page","type-page","status-publish","hentry"],"_links":{"self":[{"href":"https:\/\/managevirtually.sdu.edu.tr\/it\/wp-json\/wp\/v2\/pages\/288"}],"collection":[{"href":"https:\/\/managevirtually.sdu.edu.tr\/it\/wp-json\/wp\/v2\/pages"}],"about":[{"href":"https:\/\/managevirtually.sdu.edu.tr\/it\/wp-json\/wp\/v2\/types\/page"}],"author":[{"embeddable":true,"href":"https:\/\/managevirtually.sdu.edu.tr\/it\/wp-json\/wp\/v2\/users\/1"}],"replies":[{"embeddable":true,"href":"https:\/\/managevirtually.sdu.edu.tr\/it\/wp-json\/wp\/v2\/comments?post=288"}],"version-history":[{"count":1,"href":"https:\/\/managevirtually.sdu.edu.tr\/it\/wp-json\/wp\/v2\/pages\/288\/revisions"}],"predecessor-version":[{"id":465,"href":"https:\/\/managevirtually.sdu.edu.tr\/it\/wp-json\/wp\/v2\/pages\/288\/revisions\/465"}],"wp:attachment":[{"href":"https:\/\/managevirtually.sdu.edu.tr\/it\/wp-json\/wp\/v2\/media?parent=288"}],"curies":[{"name":"wp","href":"https:\/\/api.w.org\/{rel}","templated":true}]}}