{"id":283,"date":"2024-10-16T16:22:44","date_gmt":"2024-10-16T16:22:44","guid":{"rendered":"https:\/\/managevirtually.sdu.edu.tr\/?page_id=283"},"modified":"2025-01-15T20:14:02","modified_gmt":"2025-01-15T17:14:02","slug":"tr-person2","status":"publish","type":"page","link":"https:\/\/managevirtually.sdu.edu.tr\/it\/tr-person2\/","title":{"rendered":"Prof. Serpil SENAL"},"content":{"rendered":"\n<figure class=\"wp-block-image aligncenter size-full\"><img loading=\"lazy\" decoding=\"async\" width=\"337\" height=\"225\" src=\"https:\/\/managevirtually.sdu.edu.tr\/it\/wp-content\/uploads\/sites\/5\/2024\/10\/image-2.png\" alt=\"\" class=\"wp-image-285\" srcset=\"https:\/\/managevirtually.sdu.edu.tr\/it\/wp-content\/uploads\/sites\/5\/2024\/10\/image-2.png 337w, https:\/\/managevirtually.sdu.edu.tr\/it\/wp-content\/uploads\/sites\/5\/2024\/10\/image-2-300x200.png 300w\" sizes=\"(max-width: 337px) 100vw, 337px\" \/><\/figure>\n\n\n\n<p>Serpil Senal si \u00e8 laureata presso la S\u00fcleyman Demirel University nel 2003 e ha conseguito il dottorato nello stesso dipartimento nel 2011. Dal 2018 al 2024 \u00e8 stata Capo del Dipartimento di Finanza e Banca presso la Facolt\u00e0 di Economia e Scienze Amministrative e lavora come Professore ordinario dal 2021. Tiene corsi di Analisi dei Bilanci Finanziari, Contabilit\u00e0 Gestionale e Contabilit\u00e0 dei Costi per corsi di laurea triennale, magistrale e post-laurea. Ha esperienza in progetti nazionali e internazionali e articoli su auditing, contabilit\u00e0 e standard contabili internazionali. \u00c8 membro dell&#8217;Unione delle Camere dei Revisori Contabili Certificati e Revisori Giurati della Turchia.<\/p>\n","protected":false},"excerpt":{"rendered":"<p>Serpil Senal si \u00e8 laureata presso la S\u00fcleyman Demirel University nel 2003 e ha conseguito il dottorato nello stesso dipartimento nel 2011. Dal 2018 al 2024 \u00e8 stata Capo del Dipartimento di Finanza e Banca presso la Facolt\u00e0 di Economia e Scienze Amministrative e lavora come Professore ordinario dal 2021. Tiene corsi di Analisi dei [&hellip;]<\/p>\n","protected":false},"author":1,"featured_media":0,"parent":0,"menu_order":0,"comment_status":"closed","ping_status":"closed","template":"","meta":{"footnotes":""},"class_list":["post-283","page","type-page","status-publish","hentry"],"_links":{"self":[{"href":"https:\/\/managevirtually.sdu.edu.tr\/it\/wp-json\/wp\/v2\/pages\/283"}],"collection":[{"href":"https:\/\/managevirtually.sdu.edu.tr\/it\/wp-json\/wp\/v2\/pages"}],"about":[{"href":"https:\/\/managevirtually.sdu.edu.tr\/it\/wp-json\/wp\/v2\/types\/page"}],"author":[{"embeddable":true,"href":"https:\/\/managevirtually.sdu.edu.tr\/it\/wp-json\/wp\/v2\/users\/1"}],"replies":[{"embeddable":true,"href":"https:\/\/managevirtually.sdu.edu.tr\/it\/wp-json\/wp\/v2\/comments?post=283"}],"version-history":[{"count":1,"href":"https:\/\/managevirtually.sdu.edu.tr\/it\/wp-json\/wp\/v2\/pages\/283\/revisions"}],"predecessor-version":[{"id":467,"href":"https:\/\/managevirtually.sdu.edu.tr\/it\/wp-json\/wp\/v2\/pages\/283\/revisions\/467"}],"wp:attachment":[{"href":"https:\/\/managevirtually.sdu.edu.tr\/it\/wp-json\/wp\/v2\/media?parent=283"}],"curies":[{"name":"wp","href":"https:\/\/api.w.org\/{rel}","templated":true}]}}