{"id":279,"date":"2024-10-16T16:20:36","date_gmt":"2024-10-16T16:20:36","guid":{"rendered":"https:\/\/managevirtually.sdu.edu.tr\/?page_id=279"},"modified":"2025-01-15T20:14:43","modified_gmt":"2025-01-15T17:14:43","slug":"tr-person1","status":"publish","type":"page","link":"https:\/\/managevirtually.sdu.edu.tr\/it\/tr-person1\/","title":{"rendered":"Prof. Aygen OKSAY"},"content":{"rendered":"\n<figure class=\"wp-block-image aligncenter size-full\"><img loading=\"lazy\" decoding=\"async\" width=\"317\" height=\"210\" src=\"https:\/\/managevirtually.sdu.edu.tr\/it\/wp-content\/uploads\/sites\/5\/2024\/10\/image.png\" alt=\"\" class=\"wp-image-280\" srcset=\"https:\/\/managevirtually.sdu.edu.tr\/it\/wp-content\/uploads\/sites\/5\/2024\/10\/image.png 317w, https:\/\/managevirtually.sdu.edu.tr\/it\/wp-content\/uploads\/sites\/5\/2024\/10\/image-300x199.png 300w\" sizes=\"(max-width: 317px) 100vw, 317px\" \/><\/figure>\n\n\n\n<p>Aygen Oksay si \u00e8 laureata presso l&#8217;Universit\u00e0 di Hacettepe nel 2000 e ha conseguito il dottorato presso il Dipartimento di Amministrazione Aziendale della S\u00fcleyman Demirel University nel 2011. Ha ricoperto il ruolo di Vice Preside presso la Facolt\u00e0 di Economia e Scienze Amministrative dal 2015 al 2023 e lavora come Professore ordinario nella stessa facolt\u00e0 dal 2023. Tiene lezioni di Organizational Behavior, Relazioni Pubbliche e Human Resources Management Umane presso corsi di laurea triennale, magistrale e post-laurea. Ha esperienza in progetti nazionali e internazionali e ha pubblicato articoli su turismo, comportamento organizzativo e in ambito di healthcare. \u00c8 membro dell&#8217;Accademia Turca di Management.<\/p>\n","protected":false},"excerpt":{"rendered":"<p>Aygen Oksay si \u00e8 laureata presso l&#8217;Universit\u00e0 di Hacettepe nel 2000 e ha conseguito il dottorato presso il Dipartimento di Amministrazione Aziendale della S\u00fcleyman Demirel University nel 2011. Ha ricoperto il ruolo di Vice Preside presso la Facolt\u00e0 di Economia e Scienze Amministrative dal 2015 al 2023 e lavora come Professore ordinario nella stessa facolt\u00e0 [&hellip;]<\/p>\n","protected":false},"author":1,"featured_media":0,"parent":0,"menu_order":0,"comment_status":"closed","ping_status":"closed","template":"","meta":{"footnotes":""},"class_list":["post-279","page","type-page","status-publish","hentry"],"_links":{"self":[{"href":"https:\/\/managevirtually.sdu.edu.tr\/it\/wp-json\/wp\/v2\/pages\/279"}],"collection":[{"href":"https:\/\/managevirtually.sdu.edu.tr\/it\/wp-json\/wp\/v2\/pages"}],"about":[{"href":"https:\/\/managevirtually.sdu.edu.tr\/it\/wp-json\/wp\/v2\/types\/page"}],"author":[{"embeddable":true,"href":"https:\/\/managevirtually.sdu.edu.tr\/it\/wp-json\/wp\/v2\/users\/1"}],"replies":[{"embeddable":true,"href":"https:\/\/managevirtually.sdu.edu.tr\/it\/wp-json\/wp\/v2\/comments?post=279"}],"version-history":[{"count":1,"href":"https:\/\/managevirtually.sdu.edu.tr\/it\/wp-json\/wp\/v2\/pages\/279\/revisions"}],"predecessor-version":[{"id":468,"href":"https:\/\/managevirtually.sdu.edu.tr\/it\/wp-json\/wp\/v2\/pages\/279\/revisions\/468"}],"wp:attachment":[{"href":"https:\/\/managevirtually.sdu.edu.tr\/it\/wp-json\/wp\/v2\/media?parent=279"}],"curies":[{"name":"wp","href":"https:\/\/api.w.org\/{rel}","templated":true}]}}