{"id":267,"date":"2024-10-16T15:24:32","date_gmt":"2024-10-16T15:24:32","guid":{"rendered":"https:\/\/managevirtually.sdu.edu.tr\/?page_id=267"},"modified":"2025-02-07T12:13:57","modified_gmt":"2025-02-07T09:13:57","slug":"kick-off-meeting-opening","status":"publish","type":"page","link":"https:\/\/managevirtually.sdu.edu.tr\/it\/kick-off-meeting-opening\/","title":{"rendered":"Incontri di Progetto \/ Kick off Meeting"},"content":{"rendered":"\n<p>L&#8217;avvio del progetto &#8220;Management in a Virtual World&#8221; si \u00e8 tenuto l&#8217;11 e il 12 giugno 2024 a Isparta, in Turchia, ospitato dal coordinatore S\u00fcleyman Demirel University. Hanno partecipato l&#8217;Universit\u00e0 del Sannio (Italia), la Bucharest University of Economic Studies (BUES, Romania), la Gdansk University of Technology (Polonia) e il Polytechnic of Porto (ISCAP, Portogallo). Un cocktail inaugurale si \u00e8 svolto presso la Sala Conferenze Adem Efe della Facolt\u00e0 di Scienze Economiche e Amministrative della S\u00fcleyman Demirel University.<\/p>\n\n\n\n<p>Il coordinatore, la Prof.ssa Dr. Aygen OKSAY, ha tenuto un discorso di apertura, parlando del punto di partenza e degli obiettivi principali del progetto. Il Prof. Dr. Hakan Mehmet K\u0130R\u0130\u015e, Preside della Facolt\u00e0 di Scienze Economiche e Amministrative, e il Prorettore, Prof. Dr. Mehmet GEN\u00c7T\u00dcRK, hanno sottolineato l&#8217;importanza dei progetti per le universit\u00e0 e il supporto che l&#8217;amministrazione fornir\u00e0 in ogni aspetto. Il cocktail si \u00e8 concluso con gli interventi dei partner dando inizio alla collaborazione.<\/p>\n\n\n\n<p>Sono stati condivisi con i partner gli obiettivi principali del progetto, le tappe fondamentali, le responsabilit\u00e0 e le date dei TPM (Transnational Project Meetings). \u00c8 stata illustrata la simulazione, che sar\u00e0 utilizzata come strumento educativo durante il progetto e sono state distribuite le attivit\u00e0 che i partner dovranno portare a termine in vista dei prossimi incontri.<\/p>\n\n\n\n<figure class=\"wp-block-image aligncenter size-large\"><img loading=\"lazy\" decoding=\"async\" width=\"1024\" height=\"683\" src=\"https:\/\/managevirtually.sdu.edu.tr\/it\/wp-content\/uploads\/sites\/5\/2024\/10\/open1-1024x683.jpg\" alt=\"\" class=\"wp-image-268\" srcset=\"https:\/\/managevirtually.sdu.edu.tr\/it\/wp-content\/uploads\/sites\/5\/2024\/10\/open1-1024x683.jpg 1024w, https:\/\/managevirtually.sdu.edu.tr\/it\/wp-content\/uploads\/sites\/5\/2024\/10\/open1-300x200.jpg 300w, https:\/\/managevirtually.sdu.edu.tr\/it\/wp-content\/uploads\/sites\/5\/2024\/10\/open1-768x512.jpg 768w, https:\/\/managevirtually.sdu.edu.tr\/it\/wp-content\/uploads\/sites\/5\/2024\/10\/open1.jpg 1386w\" sizes=\"(max-width: 1024px) 100vw, 1024px\" \/><\/figure>\n\n\n\n<figure class=\"wp-block-image aligncenter size-large\"><img loading=\"lazy\" decoding=\"async\" width=\"1024\" height=\"683\" src=\"https:\/\/managevirtually.sdu.edu.tr\/it\/wp-content\/uploads\/sites\/5\/2024\/10\/open2-1024x683.jpg\" alt=\"\" class=\"wp-image-269\" srcset=\"https:\/\/managevirtually.sdu.edu.tr\/it\/wp-content\/uploads\/sites\/5\/2024\/10\/open2-1024x683.jpg 1024w, https:\/\/managevirtually.sdu.edu.tr\/it\/wp-content\/uploads\/sites\/5\/2024\/10\/open2-300x200.jpg 300w, https:\/\/managevirtually.sdu.edu.tr\/it\/wp-content\/uploads\/sites\/5\/2024\/10\/open2-768x512.jpg 768w, https:\/\/managevirtually.sdu.edu.tr\/it\/wp-content\/uploads\/sites\/5\/2024\/10\/open2.jpg 1386w\" sizes=\"(max-width: 1024px) 100vw, 1024px\" \/><\/figure>\n\n\n\n<figure class=\"wp-block-image aligncenter size-large\"><img loading=\"lazy\" decoding=\"async\" width=\"1024\" height=\"683\" src=\"https:\/\/managevirtually.sdu.edu.tr\/it\/wp-content\/uploads\/sites\/5\/2024\/10\/open3-1024x683.jpg\" alt=\"\" class=\"wp-image-270\" srcset=\"https:\/\/managevirtually.sdu.edu.tr\/it\/wp-content\/uploads\/sites\/5\/2024\/10\/open3-1024x683.jpg 1024w, https:\/\/managevirtually.sdu.edu.tr\/it\/wp-content\/uploads\/sites\/5\/2024\/10\/open3-300x200.jpg 300w, https:\/\/managevirtually.sdu.edu.tr\/it\/wp-content\/uploads\/sites\/5\/2024\/10\/open3-768x512.jpg 768w, https:\/\/managevirtually.sdu.edu.tr\/it\/wp-content\/uploads\/sites\/5\/2024\/10\/open3.jpg 1386w\" sizes=\"(max-width: 1024px) 100vw, 1024px\" \/><\/figure>\n\n\n\n<figure class=\"wp-block-image aligncenter size-large\"><img loading=\"lazy\" decoding=\"async\" width=\"1024\" height=\"683\" src=\"https:\/\/managevirtually.sdu.edu.tr\/it\/wp-content\/uploads\/sites\/5\/2024\/10\/open4-1024x683.jpg\" alt=\"\" class=\"wp-image-271\" srcset=\"https:\/\/managevirtually.sdu.edu.tr\/it\/wp-content\/uploads\/sites\/5\/2024\/10\/open4-1024x683.jpg 1024w, https:\/\/managevirtually.sdu.edu.tr\/it\/wp-content\/uploads\/sites\/5\/2024\/10\/open4-300x200.jpg 300w, https:\/\/managevirtually.sdu.edu.tr\/it\/wp-content\/uploads\/sites\/5\/2024\/10\/open4-768x512.jpg 768w, https:\/\/managevirtually.sdu.edu.tr\/it\/wp-content\/uploads\/sites\/5\/2024\/10\/open4.jpg 1386w\" sizes=\"(max-width: 1024px) 100vw, 1024px\" \/><\/figure>\n\n\n\n<figure class=\"wp-block-image aligncenter size-large\"><img loading=\"lazy\" decoding=\"async\" width=\"1024\" height=\"607\" src=\"https:\/\/managevirtually.sdu.edu.tr\/it\/wp-content\/uploads\/sites\/5\/2024\/10\/open5-1024x607.jpg\" alt=\"\" class=\"wp-image-272\" srcset=\"https:\/\/managevirtually.sdu.edu.tr\/it\/wp-content\/uploads\/sites\/5\/2024\/10\/open5-1024x607.jpg 1024w, https:\/\/managevirtually.sdu.edu.tr\/it\/wp-content\/uploads\/sites\/5\/2024\/10\/open5-300x178.jpg 300w, https:\/\/managevirtually.sdu.edu.tr\/it\/wp-content\/uploads\/sites\/5\/2024\/10\/open5-768x455.jpg 768w, https:\/\/managevirtually.sdu.edu.tr\/it\/wp-content\/uploads\/sites\/5\/2024\/10\/open5.jpg 1386w\" sizes=\"(max-width: 1024px) 100vw, 1024px\" \/><\/figure>\n\n\n\n<figure class=\"wp-block-image aligncenter size-large\"><img loading=\"lazy\" decoding=\"async\" width=\"1024\" height=\"584\" src=\"https:\/\/managevirtually.sdu.edu.tr\/it\/wp-content\/uploads\/sites\/5\/2024\/10\/open6-1024x584.jpg\" alt=\"\" class=\"wp-image-273\" srcset=\"https:\/\/managevirtually.sdu.edu.tr\/it\/wp-content\/uploads\/sites\/5\/2024\/10\/open6-1024x584.jpg 1024w, https:\/\/managevirtually.sdu.edu.tr\/it\/wp-content\/uploads\/sites\/5\/2024\/10\/open6-300x171.jpg 300w, https:\/\/managevirtually.sdu.edu.tr\/it\/wp-content\/uploads\/sites\/5\/2024\/10\/open6-768x438.jpg 768w, https:\/\/managevirtually.sdu.edu.tr\/it\/wp-content\/uploads\/sites\/5\/2024\/10\/open6.jpg 1386w\" sizes=\"(max-width: 1024px) 100vw, 1024px\" \/><\/figure>\n\n\n\n<figure class=\"wp-block-image aligncenter size-large\"><img loading=\"lazy\" decoding=\"async\" width=\"1024\" height=\"683\" src=\"https:\/\/managevirtually.sdu.edu.tr\/it\/wp-content\/uploads\/sites\/5\/2024\/10\/open7-1024x683.jpg\" alt=\"\" class=\"wp-image-274\" srcset=\"https:\/\/managevirtually.sdu.edu.tr\/it\/wp-content\/uploads\/sites\/5\/2024\/10\/open7-1024x683.jpg 1024w, https:\/\/managevirtually.sdu.edu.tr\/it\/wp-content\/uploads\/sites\/5\/2024\/10\/open7-300x200.jpg 300w, https:\/\/managevirtually.sdu.edu.tr\/it\/wp-content\/uploads\/sites\/5\/2024\/10\/open7-768x512.jpg 768w, https:\/\/managevirtually.sdu.edu.tr\/it\/wp-content\/uploads\/sites\/5\/2024\/10\/open7.jpg 1386w\" sizes=\"(max-width: 1024px) 100vw, 1024px\" \/><\/figure>\n","protected":false},"excerpt":{"rendered":"<p>L&#8217;avvio del progetto &#8220;Management in a Virtual World&#8221; si \u00e8 tenuto l&#8217;11 e il 12 giugno 2024 a Isparta, in Turchia, ospitato dal coordinatore S\u00fcleyman Demirel University. Hanno partecipato l&#8217;Universit\u00e0 del Sannio (Italia), la Bucharest University of Economic Studies (BUES, Romania), la Gdansk University of Technology (Polonia) e il Polytechnic of Porto (ISCAP, Portogallo). Un [&hellip;]<\/p>\n","protected":false},"author":1,"featured_media":0,"parent":0,"menu_order":0,"comment_status":"closed","ping_status":"closed","template":"","meta":{"footnotes":""},"class_list":["post-267","page","type-page","status-publish","hentry"],"_links":{"self":[{"href":"https:\/\/managevirtually.sdu.edu.tr\/it\/wp-json\/wp\/v2\/pages\/267"}],"collection":[{"href":"https:\/\/managevirtually.sdu.edu.tr\/it\/wp-json\/wp\/v2\/pages"}],"about":[{"href":"https:\/\/managevirtually.sdu.edu.tr\/it\/wp-json\/wp\/v2\/types\/page"}],"author":[{"embeddable":true,"href":"https:\/\/managevirtually.sdu.edu.tr\/it\/wp-json\/wp\/v2\/users\/1"}],"replies":[{"embeddable":true,"href":"https:\/\/managevirtually.sdu.edu.tr\/it\/wp-json\/wp\/v2\/comments?post=267"}],"version-history":[{"count":2,"href":"https:\/\/managevirtually.sdu.edu.tr\/it\/wp-json\/wp\/v2\/pages\/267\/revisions"}],"predecessor-version":[{"id":513,"href":"https:\/\/managevirtually.sdu.edu.tr\/it\/wp-json\/wp\/v2\/pages\/267\/revisions\/513"}],"wp:attachment":[{"href":"https:\/\/managevirtually.sdu.edu.tr\/it\/wp-json\/wp\/v2\/media?parent=267"}],"curies":[{"name":"wp","href":"https:\/\/api.w.org\/{rel}","templated":true}]}}