{"id":257,"date":"2024-10-16T15:09:18","date_gmt":"2024-10-16T15:09:18","guid":{"rendered":"https:\/\/managevirtually.sdu.edu.tr\/?page_id=257"},"modified":"2025-01-15T20:42:23","modified_gmt":"2025-01-15T17:42:23","slug":"about-us-pt","status":"publish","type":"page","link":"https:\/\/managevirtually.sdu.edu.tr\/it\/about-us-pt\/","title":{"rendered":"Chi siamo \/ Portogallo"},"content":{"rendered":"\n<p><strong>POLYTECHNIC OF PORTO (ISCAP)<\/strong><\/p>\n\n\n\n<p>Il Politecnico di Porto (P.Porto) \u00e8 il pi\u00f9 grande e uno dei poli universitari pi\u00f9 dinamici del paese, posizionandosi al primo posto tra i politecnici e tra le universit\u00e0 nazionali di alto livello. P.Porto comprende 8 scuole, oltre 20 unit\u00e0 di ricerca e sviluppo, ed \u00e8 il meglio posizionato nei ranking scientifici internazionali in Portogallo.<\/p>\n\n\n\n<p>La Scuola di Contabilit\u00e0 e Business di Porto (ISCAP), situata vicino al campus principale, offre una vasta gamma di corsi di laurea e master per i suoi 5.000 studenti. Tra i corsi offerti ci sono Contabilit\u00e0, Commercio Internazionale, Marketing, Comunicazione Aziendale, Gestione e Assistenza Amministrativa e Traduzione, Creativit\u00e0 e Innovazione Aziendale (Programma Congiunto), Risorse Umane e Scienze e Tecnologie dell&#8217;Informazione Bibliotecarie. ISCAP offre anche programmi di master in vari settori, tra cui Contabilit\u00e0 e Finanza, Auditing, Gestione Organizzativa, Marketing Digitale, Logistica, Imprenditorialit\u00e0 e Internazionalizzazione.<\/p>\n\n\n\n<p>ISCAP \u00e8 dotato di moderni laboratori multimediali, educativi, di simulazione aziendale e di marketing. Negli anni, ha aumentato la sua esperienza internazionale e ha sviluppato una vasta rete di partnership, non solo in Europa ma anche in Brasile e negli Stati Uniti, partecipando attivamente a progetti internazionali, in particolare nel quadro del programma Erasmus.<\/p>\n\n\n\n<p>I corsi offerti da ISCAP pongono una forte enfasi sul collegamento con il mondo degli affari, dato che quasi il 100% del tessuto imprenditoriale portoghese \u00e8 costituito da PMI. Gran parte del personale docente ha esperienza diretta nel mondo aziendale, il che consente di trasmettere una visione pratica delle tematiche insegnate, formando futuri contabili, manager, imprenditori e uomini d&#8217;affari.<\/p>\n\n\n\n<p>I membri del team di ISCAP sono:<\/p>\n\n\n\n<ul class=\"wp-block-list\">\n<li><a href=\"https:\/\/managevirtually.sdu.edu.tr\/it\/pt-person1\/\">Senior Lecturer Maria Ant\u00f3nia Gon\u00e7alves RODRIGUES<\/a><\/li>\n\n\n\n<li><a href=\"https:\/\/managevirtually.sdu.edu.tr\/it\/pt-person2\/\">Docente a Contratto Maria Am\u00e9lia CARVALHO<\/a><\/li>\n\n\n\n<li><a href=\"https:\/\/managevirtually.sdu.edu.tr\/it\/pt-person3\/\">Senior Lecturer Paula CARVALHO<\/a><\/li>\n\n\n\n<li><a href=\"https:\/\/managevirtually.sdu.edu.tr\/it\/pt-person4\/\">Senior Lecturer Adalmiro \u00c1lvaro Malheiro de Castro Andrade Pereira<\/a><\/li>\n\n\n\n<li><a href=\"https:\/\/managevirtually.sdu.edu.tr\/it\/pt-person5\/\">Dottoranda T\u00e2nia Catarina Vila\u00e7a TEIXEIRA<\/a><\/li>\n\n\n\n<li><a href=\"https:\/\/managevirtually.sdu.edu.tr\/it\/pt-person6\/\">Senior Lecturer M\u00e1rio Joel Queir\u00f3s<\/a><\/li>\n<\/ul>\n\n\n\n<p><\/p>\n","protected":false},"excerpt":{"rendered":"<p>POLYTECHNIC OF PORTO (ISCAP) Il Politecnico di Porto (P.Porto) \u00e8 il pi\u00f9 grande e uno dei poli universitari pi\u00f9 dinamici del paese, posizionandosi al primo posto tra i politecnici e tra le universit\u00e0 nazionali di alto livello. P.Porto comprende 8 scuole, oltre 20 unit\u00e0 di ricerca e sviluppo, ed \u00e8 il meglio posizionato nei ranking [&hellip;]<\/p>\n","protected":false},"author":1,"featured_media":0,"parent":0,"menu_order":0,"comment_status":"closed","ping_status":"closed","template":"","meta":{"footnotes":""},"class_list":["post-257","page","type-page","status-publish","hentry"],"_links":{"self":[{"href":"https:\/\/managevirtually.sdu.edu.tr\/it\/wp-json\/wp\/v2\/pages\/257"}],"collection":[{"href":"https:\/\/managevirtually.sdu.edu.tr\/it\/wp-json\/wp\/v2\/pages"}],"about":[{"href":"https:\/\/managevirtually.sdu.edu.tr\/it\/wp-json\/wp\/v2\/types\/page"}],"author":[{"embeddable":true,"href":"https:\/\/managevirtually.sdu.edu.tr\/it\/wp-json\/wp\/v2\/users\/1"}],"replies":[{"embeddable":true,"href":"https:\/\/managevirtually.sdu.edu.tr\/it\/wp-json\/wp\/v2\/comments?post=257"}],"version-history":[{"count":1,"href":"https:\/\/managevirtually.sdu.edu.tr\/it\/wp-json\/wp\/v2\/pages\/257\/revisions"}],"predecessor-version":[{"id":488,"href":"https:\/\/managevirtually.sdu.edu.tr\/it\/wp-json\/wp\/v2\/pages\/257\/revisions\/488"}],"wp:attachment":[{"href":"https:\/\/managevirtually.sdu.edu.tr\/it\/wp-json\/wp\/v2\/media?parent=257"}],"curies":[{"name":"wp","href":"https:\/\/api.w.org\/{rel}","templated":true}]}}