{"id":255,"date":"2024-10-16T15:07:30","date_gmt":"2024-10-16T15:07:30","guid":{"rendered":"https:\/\/managevirtually.sdu.edu.tr\/?page_id=255"},"modified":"2025-01-15T20:31:07","modified_gmt":"2025-01-15T17:31:07","slug":"about-us-pl","status":"publish","type":"page","link":"https:\/\/managevirtually.sdu.edu.tr\/it\/about-us-pl\/","title":{"rendered":"Chi siamo \/ Polonia"},"content":{"rendered":"\n<p><strong>GDA\u0143SK UNIVERSITY OF TECHNOLOGY<\/strong><\/p>\n\n\n\n<p>La Gda\u0144sk University of Technology (Gda\u0144sk Tech) \u00e8 uno dei principali centri di ricerca e sviluppo della regione della Pomerania. Comprende 8 facolt\u00e0 e conta circa 15.000 studenti iscritti nell&#8217;anno accademico corrente. Tutte le facolt\u00e0 possiedono pieni diritti accademici, e 4 di esse (inclusa la Facolt\u00e0 di Management ed Economia) hanno ottenuto la categoria scientifica A nell&#8217;ultima valutazione parametrica, mentre 2 facolt\u00e0 hanno raggiunto la categoria A+. La Gda\u0144sk Tech ha ricevuto il punteggio massimo tra le universit\u00e0 tecniche polacche nella valutazione parametrica, con la Facolt\u00e0 di Management ed Economia nominata tra le migliori quattro facolt\u00e0 in scienze economiche con categoria A+.<\/p>\n\n\n\n<p>Attualmente la Gda\u0144sk Tech, con quasi 26.000 studenti e 1.200 accademici, \u00e8 una delle principali universit\u00e0 tecniche in Polonia, offrendo 33 corsi di laurea e 29 di laurea magistrale, tra cui 15 insegnati in inglese. L&#8217;universit\u00e0 vanta oltre 420 accordi bilaterali nell&#8217;ambito del programma Erasmus e circa 80 accordi di cooperazione generale. Dispone anche di programmi di doppia laurea con universit\u00e0 danesi, francesi, tedesche, svedesi e italiane.<\/p>\n\n\n\n<p>L&#8217;universit\u00e0 ha strette connessioni con il mondo imprenditoriale ed \u00e8 membro di numerosi cluster, tra cui il Cluster Pomerano Bio-Eco-Chimico, il Cluster Marittimo Polacco, e il Cluster ICT Pomerano Interizon, uno dei pi\u00f9 sviluppati in Polonia.<\/p>\n\n\n\n<p>Negli ultimi 15 anni, la Gda\u0144sk Tech ha firmato circa 900 contratti per progetti suddivisi in programmi di ricerca nazionali, fondi strutturali, progetti di ricerca internazionali e programmi educativi internazionali.<\/p>\n\n\n\n<p>La Facolt\u00e0 di Management ed Economia \u00e8 stata istituita nel 1993 e oggi gestisce 5 corsi di laurea: Analisi Economica, Economia, Management, Ingegneria Gestionale e Ingegneria dei Dati (in collaborazione con la Facolt\u00e0 di Elettronica, Telecomunicazioni e Informatica), con quasi 2.000 studenti iscritti. La facolt\u00e0 offre anche una variet\u00e0 di corsi post-laurea (circa 30 edizioni all&#8217;anno). \u00c8 una delle poche universit\u00e0 polacche membro della prestigiosa European Foundation for Management Development (EFMD) e della CEEMAN.<\/p>\n\n\n\n<p>I membri del team di Gda\u0144sk sono:<\/p>\n\n\n\n<ul class=\"wp-block-list\">\n<li><a href=\"https:\/\/managevirtually.sdu.edu.tr\/it\/pl-person1\/\">Assistant Professor Ewa MARJA\u0143SKA<\/a><\/li>\n\n\n\n<li><a href=\"https:\/\/managevirtually.sdu.edu.tr\/it\/pl-person2\/\">Assistant Professor Anna Maria TrZASKOWSKA<\/a><\/li>\n\n\n\n<li><a href=\"https:\/\/managevirtually.sdu.edu.tr\/it\/pl-person3\/\">Prof. Anna Maria LIS<\/a><\/li>\n\n\n\n<li><a href=\"https:\/\/managevirtually.sdu.edu.tr\/it\/pl-person4\/\">Assistant Professor Jaros\u0142aw Zi\u0119tarski<\/a><\/li>\n<\/ul>\n\n\n\n<p><\/p>\n\n\n\n<p><\/p>\n\n\n\n<p><\/p>\n","protected":false},"excerpt":{"rendered":"<p>GDA\u0143SK UNIVERSITY OF TECHNOLOGY La Gda\u0144sk University of Technology (Gda\u0144sk Tech) \u00e8 uno dei principali centri di ricerca e sviluppo della regione della Pomerania. Comprende 8 facolt\u00e0 e conta circa 15.000 studenti iscritti nell&#8217;anno accademico corrente. Tutte le facolt\u00e0 possiedono pieni diritti accademici, e 4 di esse (inclusa la Facolt\u00e0 di Management ed Economia) hanno [&hellip;]<\/p>\n","protected":false},"author":1,"featured_media":0,"parent":0,"menu_order":0,"comment_status":"closed","ping_status":"closed","template":"","meta":{"footnotes":""},"class_list":["post-255","page","type-page","status-publish","hentry"],"_links":{"self":[{"href":"https:\/\/managevirtually.sdu.edu.tr\/it\/wp-json\/wp\/v2\/pages\/255"}],"collection":[{"href":"https:\/\/managevirtually.sdu.edu.tr\/it\/wp-json\/wp\/v2\/pages"}],"about":[{"href":"https:\/\/managevirtually.sdu.edu.tr\/it\/wp-json\/wp\/v2\/types\/page"}],"author":[{"embeddable":true,"href":"https:\/\/managevirtually.sdu.edu.tr\/it\/wp-json\/wp\/v2\/users\/1"}],"replies":[{"embeddable":true,"href":"https:\/\/managevirtually.sdu.edu.tr\/it\/wp-json\/wp\/v2\/comments?post=255"}],"version-history":[{"count":1,"href":"https:\/\/managevirtually.sdu.edu.tr\/it\/wp-json\/wp\/v2\/pages\/255\/revisions"}],"predecessor-version":[{"id":480,"href":"https:\/\/managevirtually.sdu.edu.tr\/it\/wp-json\/wp\/v2\/pages\/255\/revisions\/480"}],"wp:attachment":[{"href":"https:\/\/managevirtually.sdu.edu.tr\/it\/wp-json\/wp\/v2\/media?parent=255"}],"curies":[{"name":"wp","href":"https:\/\/api.w.org\/{rel}","templated":true}]}}