{"id":253,"date":"2024-10-16T15:06:36","date_gmt":"2024-10-16T15:06:36","guid":{"rendered":"https:\/\/managevirtually.sdu.edu.tr\/?page_id=253"},"modified":"2025-01-15T20:23:43","modified_gmt":"2025-01-15T17:23:43","slug":"about-us-ro","status":"publish","type":"page","link":"https:\/\/managevirtually.sdu.edu.tr\/it\/about-us-ro\/","title":{"rendered":"Chi siamo \/ Romania"},"content":{"rendered":"\n<p><strong>BUCHAREST UNIVERSITY OF ECONOMIC STUDIES (ASE)<\/strong><\/p>\n\n\n\n<p>La Bucharest University of Economic Studies (ASE) \u00e8 un&#8217;universit\u00e0 pubblica e rappresenta la pi\u00f9 importante istituzione di istruzione superiore in ambito economico e aziendale in Romania. ASE conta attualmente 13 facolt\u00e0 in vari settori, che spaziano dalla contabilit\u00e0 alla cibernetica, dal marketing alla gestione, dalla finanza al commercio internazionale ed economia, fino a economia agroalimentare e ambientale, economia teorica, amministrazione pubblica, business e turismo e diritto. Organizza 25 programmi di laurea triennale, 78 programmi di master, 2 programmi internazionali di MBA e 10 scuole di dottorato, di cui oltre 30 corsi sono insegnati in inglese, francese o tedesco.<\/p>\n\n\n\n<p>Secondo la classifica THE 2023, ASE mantiene la prima posizione in Romania, essendo posizionata nella fascia 501-600 a livello mondiale e riconosciuta come una delle universit\u00e0 pi\u00f9 innovative al mondo, con punteggi elevati per l&#8217;impatto reale nello Spirito Imprenditoriale e Applicazioni Industriali. I risultati mostrano un forte coinvolgimento sociale e un contributo significativo allo sviluppo sostenibile, evidenziato dai punteggi ottenuti negli SDG 5 \u2013 Parit\u00e0 di genere (classifica 101-200), SDG 9 \u2013 Industria, innovazione e infrastrutture, SDG 1 \u2013 Nessuna povert\u00e0 e SDG 8 \u2013 Lavoro dignitoso e crescita economica (classifica 201-300 per ciascuno).<\/p>\n\n\n\n<p>ASE \u00e8 un&#8217;universit\u00e0 proattiva, riconosciuta a livello internazionale, che promuove i valori europei attraverso l&#8217;istruzione, la ricerca, l&#8217;innovazione e l&#8217;impegno sociale. Gli obiettivi chiave includono lo sviluppo di partenariati internazionali sostenibili nei settori dell&#8217;istruzione, della ricerca e dell&#8217;innovazione, e la creazione di una comunit\u00e0 accademica che condivida una cultura organizzativa aperta, orientata alla performance e alla promozione dei valori umani universali.<\/p>\n\n\n\n<p>I membri del team di ASE sono:<\/p>\n\n\n\n<ul class=\"wp-block-list\">\n<li><a href=\"https:\/\/managevirtually.sdu.edu.tr\/it\/ro-person1\/\">Prof. Erika MARIN<\/a><\/li>\n\n\n\n<li><a href=\"https:\/\/managevirtually.sdu.edu.tr\/it\/ro-person2\/\">Prof. Iulia JIANU<\/a><\/li>\n\n\n\n<li><a href=\"https:\/\/managevirtually.sdu.edu.tr\/it\/ro-person3\/\">Prof. Ionel JIANU<\/a><\/li>\n\n\n\n<li><a href=\"https:\/\/managevirtually.sdu.edu.tr\/it\/ro-person4\/\">Prof. Eduard CEPTUREANU<\/a><\/li>\n\n\n\n<li><a href=\"https:\/\/managevirtually.sdu.edu.tr\/it\/ro-person5\/\">Teodora Monica Fulga<\/a><\/li>\n<\/ul>\n","protected":false},"excerpt":{"rendered":"<p>BUCHAREST UNIVERSITY OF ECONOMIC STUDIES (ASE) La Bucharest University of Economic Studies (ASE) \u00e8 un&#8217;universit\u00e0 pubblica e rappresenta la pi\u00f9 importante istituzione di istruzione superiore in ambito economico e aziendale in Romania. ASE conta attualmente 13 facolt\u00e0 in vari settori, che spaziano dalla contabilit\u00e0 alla cibernetica, dal marketing alla gestione, dalla finanza al commercio internazionale [&hellip;]<\/p>\n","protected":false},"author":1,"featured_media":0,"parent":0,"menu_order":0,"comment_status":"closed","ping_status":"closed","template":"","meta":{"footnotes":""},"class_list":["post-253","page","type-page","status-publish","hentry"],"_links":{"self":[{"href":"https:\/\/managevirtually.sdu.edu.tr\/it\/wp-json\/wp\/v2\/pages\/253"}],"collection":[{"href":"https:\/\/managevirtually.sdu.edu.tr\/it\/wp-json\/wp\/v2\/pages"}],"about":[{"href":"https:\/\/managevirtually.sdu.edu.tr\/it\/wp-json\/wp\/v2\/types\/page"}],"author":[{"embeddable":true,"href":"https:\/\/managevirtually.sdu.edu.tr\/it\/wp-json\/wp\/v2\/users\/1"}],"replies":[{"embeddable":true,"href":"https:\/\/managevirtually.sdu.edu.tr\/it\/wp-json\/wp\/v2\/comments?post=253"}],"version-history":[{"count":1,"href":"https:\/\/managevirtually.sdu.edu.tr\/it\/wp-json\/wp\/v2\/pages\/253\/revisions"}],"predecessor-version":[{"id":473,"href":"https:\/\/managevirtually.sdu.edu.tr\/it\/wp-json\/wp\/v2\/pages\/253\/revisions\/473"}],"wp:attachment":[{"href":"https:\/\/managevirtually.sdu.edu.tr\/it\/wp-json\/wp\/v2\/media?parent=253"}],"curies":[{"name":"wp","href":"https:\/\/api.w.org\/{rel}","templated":true}]}}