{"id":250,"date":"2024-10-16T15:04:38","date_gmt":"2024-10-16T15:04:38","guid":{"rendered":"https:\/\/managevirtually.sdu.edu.tr\/?page_id=250"},"modified":"2025-01-15T20:04:56","modified_gmt":"2025-01-15T17:04:56","slug":"about-us-it","status":"publish","type":"page","link":"https:\/\/managevirtually.sdu.edu.tr\/it\/about-us-it\/","title":{"rendered":"Chi siamo \/ Italia"},"content":{"rendered":"\n<p><strong>UNIVERSIT\u00c0 DEGLI STUDI DEL SANNIO<\/strong><\/p>\n\n\n\n<p>L&#8217;Universit\u00e0 del Sannio (Italiano: Universit\u00e0 degli Studi del Sannio, UNISANNIO) \u00e8 un&#8217;universit\u00e0 situata a Benevento, nel sud Italia. Fondata nel 1998 (precedentemente parte dell&#8217;Universit\u00e0 di Salerno), l&#8217;Universit\u00e0 del Sannio \u00e8 organizzata in 3 Dipartimenti con circa 6.000 studenti e offre corsi di laurea e post-laurea nei settori del Diritto, della Statistica, dell&#8217;Ambiente, della Geologia, della Biologia, della Biotecnologia, dell&#8217;Ingegneria Civile, Informatica, Energetica, Elettronica, dell&#8217;Economia e dell&#8217;Organizzazione Aziendale.<\/p>\n\n\n\n<p>L&#8217;Universit\u00e0 del Sannio \u00e8 suddivisa in 3 Dipartimenti:<\/p>\n\n\n\n<ul class=\"wp-block-list\">\n<li>Il Dipartimento di Diritto, Economia, Management e Metodi Quantitativi (DEMM) include corsi di laurea triennale in Scienze Attuariali e Statistiche, Economia e Finanza e Banca; corsi specialistici in Scienze Attuariali e Statistiche ed Economia e Management; e un corso magistrale in Giurisprudenza.<\/li>\n\n\n\n<li>Il Dipartimento di Ingegneria (DING) comprende corsi di laurea triennale in Ingegneria Informatica, Ingegneria Elettronica, Ingegneria Civile, Ingegneria Energetica; corsi specialistici negli stessi ambiti.<\/li>\n\n\n\n<li>Il Dipartimento di Scienze (DST) include corsi di laurea in Biologia, Geologia e Biotecnologie, e corsi specialistici in Biologia nelle Scienze Genetiche e nelle Scienze Geologiche.<\/li>\n<\/ul>\n\n\n\n<p>I membri del team dell&#8217;Universit\u00e0 del Sannio sono:<\/p>\n\n\n\n<ul class=\"wp-block-list\">\n<li><a href=\"https:\/\/managevirtually.sdu.edu.tr\/it\/it-person1\/\">Prof. Dr. Biagio SIMONETTI<\/a><\/li>\n\n\n\n<li><a href=\"https:\/\/managevirtually.sdu.edu.tr\/it\/it-person2\/\">Dott.ssa Raffaela CIUFFREDA<\/a><\/li>\n\n\n\n<li><a href=\"https:\/\/managevirtually.sdu.edu.tr\/it\/it-person3\/\">Prof. Dr. Francesco PEPE<\/a><\/li>\n<\/ul>\n","protected":false},"excerpt":{"rendered":"<p>UNIVERSIT\u00c0 DEGLI STUDI DEL SANNIO L&#8217;Universit\u00e0 del Sannio (Italiano: Universit\u00e0 degli Studi del Sannio, UNISANNIO) \u00e8 un&#8217;universit\u00e0 situata a Benevento, nel sud Italia. Fondata nel 1998 (precedentemente parte dell&#8217;Universit\u00e0 di Salerno), l&#8217;Universit\u00e0 del Sannio \u00e8 organizzata in 3 Dipartimenti con circa 6.000 studenti e offre corsi di laurea e post-laurea nei settori del Diritto, della [&hellip;]<\/p>\n","protected":false},"author":1,"featured_media":0,"parent":0,"menu_order":0,"comment_status":"closed","ping_status":"closed","template":"","meta":{"footnotes":""},"class_list":["post-250","page","type-page","status-publish","hentry"],"_links":{"self":[{"href":"https:\/\/managevirtually.sdu.edu.tr\/it\/wp-json\/wp\/v2\/pages\/250"}],"collection":[{"href":"https:\/\/managevirtually.sdu.edu.tr\/it\/wp-json\/wp\/v2\/pages"}],"about":[{"href":"https:\/\/managevirtually.sdu.edu.tr\/it\/wp-json\/wp\/v2\/types\/page"}],"author":[{"embeddable":true,"href":"https:\/\/managevirtually.sdu.edu.tr\/it\/wp-json\/wp\/v2\/users\/1"}],"replies":[{"embeddable":true,"href":"https:\/\/managevirtually.sdu.edu.tr\/it\/wp-json\/wp\/v2\/comments?post=250"}],"version-history":[{"count":1,"href":"https:\/\/managevirtually.sdu.edu.tr\/it\/wp-json\/wp\/v2\/pages\/250\/revisions"}],"predecessor-version":[{"id":459,"href":"https:\/\/managevirtually.sdu.edu.tr\/it\/wp-json\/wp\/v2\/pages\/250\/revisions\/459"}],"wp:attachment":[{"href":"https:\/\/managevirtually.sdu.edu.tr\/it\/wp-json\/wp\/v2\/media?parent=250"}],"curies":[{"name":"wp","href":"https:\/\/api.w.org\/{rel}","templated":true}]}}