{"id":247,"date":"2024-10-16T14:55:22","date_gmt":"2024-10-16T14:55:22","guid":{"rendered":"https:\/\/managevirtually.sdu.edu.tr\/?page_id=247"},"modified":"2025-01-15T20:09:19","modified_gmt":"2025-01-15T17:09:19","slug":"about-us-tr","status":"publish","type":"page","link":"https:\/\/managevirtually.sdu.edu.tr\/it\/about-us-tr\/","title":{"rendered":"Chi siamo \/ Turchia"},"content":{"rendered":"\n<p><strong>S\u00dcLEYMAN DEM\u0130REL UNIVERSITY<\/strong><\/p>\n\n\n\n<p>La S\u00fcleyman Demirel University (SDU) \u00e8 stata ufficialmente fondata nel 1992 e si trova nel centro di Isparta, in Turchia. Sin dalla sua fondazione, SDU si \u00e8 distinta come una delle principali universit\u00e0 turche nei campi accademico, scientifico e tecnologico, grazie alla sua rapida crescita in termini qualitativi e quantitativi. SDU si propone di essere un&#8217;universit\u00e0 che ispira e guida, producendo conoscenze, arte, tecnologia e servizi su scala universale. Come indicato nel suo motto, mira a essere &#8220;un&#8217;universit\u00e0 ispiratrice&#8221; in tutti i campi.<\/p>\n\n\n\n<p>Al 2024, SDU conta 14 facolt\u00e0 e 7 scuole professionali, con oltre 50.000 studenti, 1829 membri del personale accademico e 2802 membri del personale amministrativo. L&#8217;universit\u00e0 \u00e8 molto forte anche grazie a 6 istituti e 48 centri di ricerca. Possiede un Dipartimento di Coordinamento dei Progetti di Ricerca Scientifica, responsabile della gestione dei progetti svolti all&#8217;interno dell&#8217;universit\u00e0, e un Dipartimento di Progetti dell&#8217;Unione Europea, che coordina i progetti Erasmus.<\/p>\n\n\n\n<p>Il Career Center guida gli studenti nella scelta della carriera pi\u00f9 adatta. Dispone anche di un Ufficio per il Trasferimento Tecnologico, che fornisce lezioni di imprenditorialit\u00e0 alle start-up. Tra gli aspetti importanti dell&#8217;universit\u00e0 ci sono i progressi scientifici in molti settori, come i processi Erasmus e Bologna, i protocolli di cooperazione tra universit\u00e0 e progetti di ricerca internazionale condotti in maniera interdisciplinare. Inoltre, SDU compie importanti passi verso l&#8217;internazionalizzazione, ospitando studenti stranieri provenienti da molti paesi e partecipando a numerosi progetti in corso.<\/p>\n\n\n\n<p>I membri del team della SDU sono:<\/p>\n\n\n\n<ul class=\"wp-block-list\">\n<li><a href=\"https:\/\/managevirtually.sdu.edu.tr\/it\/tr-person1\/\">Prof. Aygen OKSAY<\/a><\/li>\n\n\n\n<li><a href=\"https:\/\/managevirtually.sdu.edu.tr\/it\/tr-person2\/\">Prof. Serpil SENAL<\/a><\/li>\n\n\n\n<li><a href=\"https:\/\/managevirtually.sdu.edu.tr\/it\/tr-person3\/\">Prof. Burcu ASLANTA\u015e ATE\u015e<\/a><\/li>\n\n\n\n<li><a href=\"https:\/\/managevirtually.sdu.edu.tr\/it\/tr-person4\/\">Prof. Didar B\u00dcY\u00dcKER \u0130\u015eLER<\/a><\/li>\n\n\n\n<li><a href=\"https:\/\/managevirtually.sdu.edu.tr\/it\/tr-person5\/\">Prof. G\u00fclay BULGAN<\/a><\/li>\n\n\n\n<li><a href=\"https:\/\/managevirtually.sdu.edu.tr\/it\/tr-person6\/\">Prof. Ecir U\u011fur K\u00dc\u00c7\u00dcKS\u0130LLE<\/a><\/li>\n\n\n\n<li><a href=\"https:\/\/managevirtually.sdu.edu.tr\/it\/tr-person7\/\">Prof. Turgay AYDO\u011eAN<\/a><\/li>\n\n\n\n<li><a href=\"https:\/\/managevirtually.sdu.edu.tr\/it\/tr-person8\/\">Research Assistant Mehmet MAZAK<\/a><\/li>\n\n\n\n<li><a href=\"https:\/\/managevirtually.sdu.edu.tr\/it\/tr-person9\/\">Lecturer Ziya D\u0130RL\u0130K<\/a><\/li>\n<\/ul>\n","protected":false},"excerpt":{"rendered":"<p>S\u00dcLEYMAN DEM\u0130REL UNIVERSITY La S\u00fcleyman Demirel University (SDU) \u00e8 stata ufficialmente fondata nel 1992 e si trova nel centro di Isparta, in Turchia. Sin dalla sua fondazione, SDU si \u00e8 distinta come una delle principali universit\u00e0 turche nei campi accademico, scientifico e tecnologico, grazie alla sua rapida crescita in termini qualitativi e quantitativi. SDU si [&hellip;]<\/p>\n","protected":false},"author":1,"featured_media":0,"parent":0,"menu_order":0,"comment_status":"closed","ping_status":"closed","template":"","meta":{"footnotes":""},"class_list":["post-247","page","type-page","status-publish","hentry"],"_links":{"self":[{"href":"https:\/\/managevirtually.sdu.edu.tr\/it\/wp-json\/wp\/v2\/pages\/247"}],"collection":[{"href":"https:\/\/managevirtually.sdu.edu.tr\/it\/wp-json\/wp\/v2\/pages"}],"about":[{"href":"https:\/\/managevirtually.sdu.edu.tr\/it\/wp-json\/wp\/v2\/types\/page"}],"author":[{"embeddable":true,"href":"https:\/\/managevirtually.sdu.edu.tr\/it\/wp-json\/wp\/v2\/users\/1"}],"replies":[{"embeddable":true,"href":"https:\/\/managevirtually.sdu.edu.tr\/it\/wp-json\/wp\/v2\/comments?post=247"}],"version-history":[{"count":1,"href":"https:\/\/managevirtually.sdu.edu.tr\/it\/wp-json\/wp\/v2\/pages\/247\/revisions"}],"predecessor-version":[{"id":460,"href":"https:\/\/managevirtually.sdu.edu.tr\/it\/wp-json\/wp\/v2\/pages\/247\/revisions\/460"}],"wp:attachment":[{"href":"https:\/\/managevirtually.sdu.edu.tr\/it\/wp-json\/wp\/v2\/media?parent=247"}],"curies":[{"name":"wp","href":"https:\/\/api.w.org\/{rel}","templated":true}]}}