{"id":146,"date":"2024-09-18T10:08:16","date_gmt":"2024-09-18T10:08:16","guid":{"rendered":"https:\/\/managevirtually.sdu.edu.tr\/?page_id=146"},"modified":"2025-01-15T19:59:51","modified_gmt":"2025-01-15T16:59:51","slug":"about-us","status":"publish","type":"page","link":"https:\/\/managevirtually.sdu.edu.tr\/it\/about-us\/","title":{"rendered":"Chi siamo"},"content":{"rendered":"\n<p>&#8220;Management in a Virtual World&#8221; \u00e8 un progetto di partenariato Erasmus+ per la cooperazione nell&#8217;istruzione superiore (KA220-HED), finanziato dall&#8217;Agenzia Nazionale Turca. \u00c8 un progetto di 2 anni coordinato dalla S\u00fcleyman Demirel University, Turchia. I partner del progetto sono universit\u00e0 provenienti da Italia, Romania, Polonia e Portogallo.<\/p>\n\n\n\n<p>La nuova generazione vuole andare oltre gli approcci classici all&#8217;apprendimento. Grazie alla tecnologia, l&#8217;accesso alle informazioni \u00e8 ora estremamente semplice e rapido. L&#8217;importante oggi \u00e8 fornire accesso alle informazioni giuste al momento giusto. In altre parole, le informazioni possono essere utili solo se utilizzate nel momento adeguato. Le universit\u00e0 devono assumere il ruolo di insegnare agli studenti come trovare le informazioni giuste al momento giusto e come utilizzarle in modo efficiente. Con la globalizzazione e lo sviluppo tecnologico, il mondo sta diventando pi\u00f9 piccolo; ci\u00f2 significa che \u00e8 molto pi\u00f9 semplice raggiungere l&#8217;altra parte del mondo senza viaggiare. Le aziende possono assumere personale da un paese, produrre i propri prodotti in un altro e\/o venderli in un mercato diverso da quello d&#8217;origine. Di conseguenza, c&#8217;\u00e8 bisogno di laureati globali anzich\u00e9 locali, che sappiano come lavorare in un contesto globale. Questo \u00e8 ci\u00f2 che si intende raggiungere con questo progetto.<\/p>\n\n\n\n<p>Nell&#8217;ambito del progetto verr\u00e0 creata una piattaforma basata sul metodo della simulazione, in cui gli studenti delle Facolt\u00e0 di Economia e Scienze Amministrative di diversi paesi si incontreranno virtualmente per lavorare come diverse funzioni di un&#8217;organizzazione virtuale. L&#8217;obiettivo principale del progetto \u00e8 migliorare le competenze manageriali degli studenti universitari, la loro fiducia, auto-competenza, capacit\u00e0 decisionale, imprenditorialit\u00e0, comunicazione e competenze linguistiche. Un altro obiettivo del progetto \u00e8 insegnare agli studenti come pensare e comportarsi in un mondo globale. Le esperienze verranno arricchite grazie al programma di simulazione. Con l&#8217;aiuto della simulazione, gli studenti affronteranno problemi reali del mondo aziendale, li risolveranno, impareranno dai propri errori e prenderanno decisioni corrette nel mondo reale quando inizieranno a lavorare in un&#8217;azienda vera. La simulazione mostrer\u00e0 loro i risultati delle loro decisioni, dando loro la possibilit\u00e0 di risolvere i problemi in modo diverso e confrontare le loro azioni.<\/p>\n\n\n\n<p>Attraverso questo progetto, aumenteranno le competenze digitali, gli studenti vedranno tutte le funzioni di un&#8217;organizzazione e come gestirle, comprenderanno i legami tra le funzioni, impareranno a lavorare in team, miglioreranno l&#8217;uso dell&#8217;inglese e apprenderanno i concetti principali e le parole chiave della letteratura manageriale. Gli studenti che utilizzeranno la simulazione avranno una migliore comprensione della gestione di un&#8217;organizzazione, migliori competenze comunicative, pi\u00f9 esperienza, maggiore fiducia e sicurezza nelle decisioni. Grazie alla simulazione, acquisiranno le competenze necessarie per il mercato globale.<\/p>\n\n\n\n<p><\/p>\n\n\n\n<p>I partner del progetto sono:<\/p>\n\n\n\n<p><a href=\"https:\/\/managevirtually.sdu.edu.tr\/it\/about-us-tr\/\">1- S\u00fcleyman Demirel University, Turchia (Coordinatore)<\/a><\/p>\n\n\n\n<p><a href=\"https:\/\/managevirtually.sdu.edu.tr\/it\/about-us-it\">2-Universit\u00e0 degli Studi del Sannio, Italia<\/a><\/p>\n\n\n\n<p><a href=\"https:\/\/managevirtually.sdu.edu.tr\/it\/about-us-ro\">3- Bucharest University of Economic Studies (AES), Romania<\/a><\/p>\n\n\n\n<p><a href=\"https:\/\/managevirtually.sdu.edu.tr\/it\/about-us-pl\">4- Gda\u0144sk University of Technology, Polonia<\/a><\/p>\n\n\n\n<p><a href=\"https:\/\/managevirtually.sdu.edu.tr\/it\/about-us-pt\">5- Polytechnic of Porto (ISCAP), Portogallo<\/a><\/p>\n","protected":false},"excerpt":{"rendered":"<p>&#8220;Management in a Virtual World&#8221; \u00e8 un progetto di partenariato Erasmus+ per la cooperazione nell&#8217;istruzione superiore (KA220-HED), finanziato dall&#8217;Agenzia Nazionale Turca. \u00c8 un progetto di 2 anni coordinato dalla S\u00fcleyman Demirel University, Turchia. I partner del progetto sono universit\u00e0 provenienti da Italia, Romania, Polonia e Portogallo. La nuova generazione vuole andare oltre gli approcci classici [&hellip;]<\/p>\n","protected":false},"author":1,"featured_media":0,"parent":0,"menu_order":0,"comment_status":"closed","ping_status":"open","template":"","meta":{"footnotes":""},"class_list":["post-146","page","type-page","status-publish","hentry"],"_links":{"self":[{"href":"https:\/\/managevirtually.sdu.edu.tr\/it\/wp-json\/wp\/v2\/pages\/146"}],"collection":[{"href":"https:\/\/managevirtually.sdu.edu.tr\/it\/wp-json\/wp\/v2\/pages"}],"about":[{"href":"https:\/\/managevirtually.sdu.edu.tr\/it\/wp-json\/wp\/v2\/types\/page"}],"author":[{"embeddable":true,"href":"https:\/\/managevirtually.sdu.edu.tr\/it\/wp-json\/wp\/v2\/users\/1"}],"replies":[{"embeddable":true,"href":"https:\/\/managevirtually.sdu.edu.tr\/it\/wp-json\/wp\/v2\/comments?post=146"}],"version-history":[{"count":1,"href":"https:\/\/managevirtually.sdu.edu.tr\/it\/wp-json\/wp\/v2\/pages\/146\/revisions"}],"predecessor-version":[{"id":458,"href":"https:\/\/managevirtually.sdu.edu.tr\/it\/wp-json\/wp\/v2\/pages\/146\/revisions\/458"}],"wp:attachment":[{"href":"https:\/\/managevirtually.sdu.edu.tr\/it\/wp-json\/wp\/v2\/media?parent=146"}],"curies":[{"name":"wp","href":"https:\/\/api.w.org\/{rel}","templated":true}]}}