{"id":818,"date":"2025-11-25T10:37:29","date_gmt":"2025-11-25T10:37:29","guid":{"rendered":"https:\/\/managevirtually.sdu.edu.tr\/?page_id=813"},"modified":"2025-11-25T13:48:46","modified_gmt":"2025-11-25T10:48:46","slug":"workshop","status":"publish","type":"page","link":"https:\/\/managevirtually.sdu.edu.tr\/en\/workshop\/","title":{"rendered":"Project Meetings\/ Workshop"},"content":{"rendered":"\n<p>The &#8220;Management in a Virtual World&#8221; project, coordinated by S\u00fcleyman Demirel University and supported by the Turkish National Agency, held a workshop on November 19, 2025. The meeting, held at S\u00fcleyman Demirel University&#8217;s Faculty of Economics and Administrative Sciences, began with an Opening Reception. At this reception, attended by S\u00fcleyman Demirel University Rector Prof. Dr. Mehmet SALTAN, Faculty of Economics and Administrative Sciences Dean Prof. Dr. Hakan Mehmet K\u0130R\u0130\u015e, project partners, and numerous relevant academics, intercultural exchanges took place. <\/p>\n\n\n\n<figure class=\"wp-block-image aligncenter size-full\"><img decoding=\"async\" src=\"https:\/\/managevirtually.sdu.edu.tr\/en\/wp-content\/uploads\/sites\/3\/2025\/11\/image-3.png\" alt=\"\" class=\"wp-image-814\"\/><\/figure>\n\n\n\n<p>An awards ceremony was held following the workshop. The students who analyzed scenarios, wrote reports, and made decisions on their teams using the simulation software throughout the project were thanked for their contributions and presented with medals. Participation certificates were distributed to all participants, and the meeting concluded.<\/p>\n\n\n\n<figure class=\"wp-block-image aligncenter size-full\"><img loading=\"lazy\" decoding=\"async\" width=\"605\" height=\"403\" src=\"https:\/\/managevirtually.sdu.edu.tr\/en\/wp-content\/uploads\/sites\/3\/2025\/11\/image-4.png\" alt=\"\" class=\"wp-image-820\" srcset=\"https:\/\/managevirtually.sdu.edu.tr\/en\/wp-content\/uploads\/sites\/3\/2025\/11\/image-4.png 605w, https:\/\/managevirtually.sdu.edu.tr\/en\/wp-content\/uploads\/sites\/3\/2025\/11\/image-4-300x200.png 300w\" sizes=\"(max-width: 605px) 100vw, 605px\" \/><\/figure>\n\n\n\n<p>Following the cocktail, the hybrid workshop event began. Project coordinator Prof. Dr. Aygen OKSAY, who initiated the event, first briefed the online and in-person participants on the project&#8217;s 24-month journey. Prof. Dr. Oksay explained that a business simulation was developed as part of the project with the support of T\u00dcB\u0130TAK 1001. This simulation, translated into English and shared with partner universities, was designed to provide students with experience in management processes. Prof. Dr. Serpil SENAL gave the floor for the simulation presentation. Prof. Dr. SENAL demonstrated the simulation software used as a teaching technique in the project through a practical application using a sample scenario. This provided participants with detailed information about the simulation software. After the software presentation, Prof. Dr. OKSAY shared the findings of the project.<\/p>\n\n\n\n<figure class=\"wp-block-image aligncenter size-full\"><img loading=\"lazy\" decoding=\"async\" width=\"605\" height=\"454\" src=\"https:\/\/managevirtually.sdu.edu.tr\/en\/wp-content\/uploads\/sites\/3\/2025\/11\/image-5.png\" alt=\"\" class=\"wp-image-821\" srcset=\"https:\/\/managevirtually.sdu.edu.tr\/en\/wp-content\/uploads\/sites\/3\/2025\/11\/image-5.png 605w, https:\/\/managevirtually.sdu.edu.tr\/en\/wp-content\/uploads\/sites\/3\/2025\/11\/image-5-300x225.png 300w\" sizes=\"(max-width: 605px) 100vw, 605px\" \/><\/figure>\n","protected":false},"excerpt":{"rendered":"<p>The &#8220;Management in a Virtual World&#8221; project, coordinated by S\u00fcleyman Demirel University and supported by the Turkish National Agency, held a workshop on November 19, 2025. The meeting, held at S\u00fcleyman Demirel University&#8217;s Faculty of Economics and Administrative Sciences, began with an Opening Reception. At this reception, attended by S\u00fcleyman Demirel University Rector Prof. Dr. [&hellip;]<\/p>\n","protected":false},"author":1,"featured_media":0,"parent":0,"menu_order":0,"comment_status":"closed","ping_status":"closed","template":"","meta":{"footnotes":""},"class_list":["post-818","page","type-page","status-publish","hentry"],"_links":{"self":[{"href":"https:\/\/managevirtually.sdu.edu.tr\/en\/wp-json\/wp\/v2\/pages\/818"}],"collection":[{"href":"https:\/\/managevirtually.sdu.edu.tr\/en\/wp-json\/wp\/v2\/pages"}],"about":[{"href":"https:\/\/managevirtually.sdu.edu.tr\/en\/wp-json\/wp\/v2\/types\/page"}],"author":[{"embeddable":true,"href":"https:\/\/managevirtually.sdu.edu.tr\/en\/wp-json\/wp\/v2\/users\/1"}],"replies":[{"embeddable":true,"href":"https:\/\/managevirtually.sdu.edu.tr\/en\/wp-json\/wp\/v2\/comments?post=818"}],"version-history":[{"count":3,"href":"https:\/\/managevirtually.sdu.edu.tr\/en\/wp-json\/wp\/v2\/pages\/818\/revisions"}],"predecessor-version":[{"id":825,"href":"https:\/\/managevirtually.sdu.edu.tr\/en\/wp-json\/wp\/v2\/pages\/818\/revisions\/825"}],"wp:attachment":[{"href":"https:\/\/managevirtually.sdu.edu.tr\/en\/wp-json\/wp\/v2\/media?parent=818"}],"curies":[{"name":"wp","href":"https:\/\/api.w.org\/{rel}","templated":true}]}}