{"id":701,"date":"2025-10-14T11:50:28","date_gmt":"2025-10-14T11:50:28","guid":{"rendered":"https:\/\/managevirtually.sdu.edu.tr\/?page_id=701"},"modified":"2025-12-29T12:37:19","modified_gmt":"2025-12-29T09:37:19","slug":"conf-tr","status":"publish","type":"page","link":"https:\/\/managevirtually.sdu.edu.tr\/en\/conf-tr\/","title":{"rendered":"Conference-Event &#8211; Turkey"},"content":{"rendered":"\n<h2 class=\"wp-block-heading has-white-color has-text-color has-background has-link-color has-extra-small-font-size wp-elements-8acc8911544aa5e83c1b9f22dd983cc0\" style=\"background-color:#1a3b49\"><a name=\"conf1\">Conference-Event 1<\/a><\/h2>\n\n\n\n<p class=\"has-text-align-left\">Within the scope of our European Union project, we held a productive conference with our simulation class on Monday, May 26, 2025. Nazar Tekstil Foreign Trade Operations Manager Sinem G\u00fcm\u00fc\u015f shared the textile sector and our country\u2019s position in this sector, its advantages and disadvantages with our students. In the continuation of the conference, she explained the scenarios we shared with the students in our simulation class in line with business activities. She carried out a sample application by explaining her experiences in market analysis and selection, cost calculation in practice, borrowing type, exchange rate risk, planning and logistics. Then, she answered the students\u2019 questions.<\/p>\n\n\n\n<figure class=\"wp-block-gallery has-nested-images columns-default is-cropped wp-block-gallery-1 is-layout-flex wp-block-gallery-is-layout-flex\">\n<figure class=\"wp-block-image size-large\"><img decoding=\"async\" data-id=\"647\" src=\"https:\/\/managevirtually.sdu.edu.tr\/wp-content\/uploads\/2025\/05\/WhatsApp-Image-2025-05-28-at-13.46.52-1-1024x768.jpeg\" alt=\"\" class=\"wp-image-647\"\/><\/figure>\n\n\n\n<figure class=\"wp-block-image size-large\"><img decoding=\"async\" data-id=\"648\" src=\"https:\/\/managevirtually.sdu.edu.tr\/wp-content\/uploads\/2025\/05\/WhatsApp-Image-2025-05-28-at-13.46.52-1024x768.jpeg\" alt=\"\" class=\"wp-image-648\"\/><\/figure>\n<\/figure>\n\n\n\n<figure class=\"wp-block-gallery has-nested-images columns-default is-cropped wp-block-gallery-2 is-layout-flex wp-block-gallery-is-layout-flex\">\n<figure class=\"wp-block-image size-large\"><img decoding=\"async\" data-id=\"650\" src=\"https:\/\/managevirtually.sdu.edu.tr\/wp-content\/uploads\/2025\/05\/WhatsApp-Image-2025-05-28-at-13.48.08-768x1024.jpeg\" alt=\"\" class=\"wp-image-650\"\/><\/figure>\n\n\n\n<figure class=\"wp-block-image size-large\"><img decoding=\"async\" data-id=\"649\" src=\"https:\/\/managevirtually.sdu.edu.tr\/wp-content\/uploads\/2025\/05\/WhatsApp-Image-2025-05-28-at-13.46.52-2-768x1024.jpeg\" alt=\"\" class=\"wp-image-649\"\/><\/figure>\n<\/figure>\n\n\n\n<hr class=\"wp-block-separator has-alpha-channel-opacity\"\/>\n\n\n\n<h2 class=\"wp-block-heading has-white-color has-text-color has-background has-link-color has-extra-small-font-size wp-elements-a148eeb96b6ab5ae76d381d82d4cb108\" style=\"background-color:#1a3b49\"><a name=\"conf2\">Conference-Event 2<\/a><\/h2>\n\n\n\n<p>We held our 2nd conference with our simulation class on June 2, 2025. Sinem Kargal\u0131 and \u015eeng\u00fcl Eren from G\u00fclbirlik Rosense participated in our conference as a speaker. General information was given about the establishment and operation of the Rosense brand. Detailed information was shared about brand positioning, growth strategies, sales and marketing targets in domestic and international markets. The brand\u2019s competitive structure in regional, countrywide and international markets was discussed and its experiences to date were shared. At the end of the conference, students\u2019 questions were answered.<\/p>\n\n\n\n<figure class=\"wp-block-image aligncenter size-large\"><img decoding=\"async\" src=\"https:\/\/managevirtually.sdu.edu.tr\/wp-content\/uploads\/2025\/06\/WhatsApp-Image-2025-06-11-at-13.24.31-768x1024.jpeg\" alt=\"\" class=\"wp-image-669\"\/><\/figure>\n\n\n\n<figure class=\"wp-block-image size-large\"><img decoding=\"async\" src=\"https:\/\/managevirtually.sdu.edu.tr\/wp-content\/uploads\/2025\/06\/WhatsApp-Image-2025-06-11-at-13.24.01-1024x768.jpeg\" alt=\"\" class=\"wp-image-670\"\/><\/figure>\n\n\n\n<figure class=\"wp-block-image size-large\"><img decoding=\"async\" src=\"https:\/\/managevirtually.sdu.edu.tr\/wp-content\/uploads\/2025\/06\/WhatsApp-Image-2025-06-11-at-13.26.05-1-1024x768.jpeg\" alt=\"\" class=\"wp-image-665\"\/><\/figure>\n\n\n\n<hr class=\"wp-block-separator has-alpha-channel-opacity\"\/>\n\n\n\n<p class=\"has-white-color has-text-color has-background has-link-color has-extra-small-font-size wp-elements-07e5799757de11b4f37f09a116ab35dd\" style=\"background-color:#1a3b49\"><a name=\"conf3\">Conference-Event 3<\/a><\/p>\n\n\n\n<p>In the last conference event of our Management in a Virtual World project, we brought together the entrepreneurs of a new textile company, Cielo Venti, with our students on Thursday, June 26, 2025. G\u00fcl Ery\u0131lmaz, one of the entrepreneurs of Cielo Venti, shared the story of the brand&#8217;s establishment, vision and mission with the students. The brand&#8217;s market entry strategies, competitive capabilities and future goals were explained in detail, and product samples were shown to the students. The students showed great interest in this new initiative and directed their questions to the Cielo Venti entrepreneurs at the end of the conference. After the Q&amp;A session, certificates of appreciation were presented to the Cielo Venti entrepreneurs.<\/p>\n\n\n\n<figure class=\"wp-block-image size-large\"><img loading=\"lazy\" decoding=\"async\" width=\"1013\" height=\"1024\" src=\"https:\/\/managevirtually.sdu.edu.tr\/en\/wp-content\/uploads\/sites\/3\/2025\/10\/image-1-1013x1024.png\" alt=\"\" class=\"wp-image-752\" srcset=\"https:\/\/managevirtually.sdu.edu.tr\/en\/wp-content\/uploads\/sites\/3\/2025\/10\/image-1-1013x1024.png 1013w, https:\/\/managevirtually.sdu.edu.tr\/en\/wp-content\/uploads\/sites\/3\/2025\/10\/image-1-297x300.png 297w, https:\/\/managevirtually.sdu.edu.tr\/en\/wp-content\/uploads\/sites\/3\/2025\/10\/image-1-768x776.png 768w, https:\/\/managevirtually.sdu.edu.tr\/en\/wp-content\/uploads\/sites\/3\/2025\/10\/image-1.png 1126w\" sizes=\"(max-width: 1013px) 100vw, 1013px\" \/><\/figure>\n\n\n\n<figure class=\"wp-block-image aligncenter size-large\"><img loading=\"lazy\" decoding=\"async\" width=\"768\" height=\"1024\" src=\"https:\/\/managevirtually.sdu.edu.tr\/en\/wp-content\/uploads\/sites\/3\/2025\/10\/WhatsApp-Image-2025-06-30-at-13.04.01-768x1024.jpeg\" alt=\"\" class=\"wp-image-753\" srcset=\"https:\/\/managevirtually.sdu.edu.tr\/en\/wp-content\/uploads\/sites\/3\/2025\/10\/WhatsApp-Image-2025-06-30-at-13.04.01-768x1024.jpeg 768w, https:\/\/managevirtually.sdu.edu.tr\/en\/wp-content\/uploads\/sites\/3\/2025\/10\/WhatsApp-Image-2025-06-30-at-13.04.01-225x300.jpeg 225w, https:\/\/managevirtually.sdu.edu.tr\/en\/wp-content\/uploads\/sites\/3\/2025\/10\/WhatsApp-Image-2025-06-30-at-13.04.01-1152x1536.jpeg 1152w, https:\/\/managevirtually.sdu.edu.tr\/en\/wp-content\/uploads\/sites\/3\/2025\/10\/WhatsApp-Image-2025-06-30-at-13.04.01.jpeg 1536w\" sizes=\"(max-width: 768px) 100vw, 768px\" \/><\/figure>\n\n\n\n<figure class=\"wp-block-image aligncenter size-large\"><img loading=\"lazy\" decoding=\"async\" width=\"768\" height=\"1024\" src=\"https:\/\/managevirtually.sdu.edu.tr\/en\/wp-content\/uploads\/sites\/3\/2025\/10\/WhatsApp-Image-2025-06-30-at-13.04.12-768x1024.jpeg\" alt=\"\" class=\"wp-image-754\" srcset=\"https:\/\/managevirtually.sdu.edu.tr\/en\/wp-content\/uploads\/sites\/3\/2025\/10\/WhatsApp-Image-2025-06-30-at-13.04.12-768x1024.jpeg 768w, https:\/\/managevirtually.sdu.edu.tr\/en\/wp-content\/uploads\/sites\/3\/2025\/10\/WhatsApp-Image-2025-06-30-at-13.04.12-225x300.jpeg 225w, https:\/\/managevirtually.sdu.edu.tr\/en\/wp-content\/uploads\/sites\/3\/2025\/10\/WhatsApp-Image-2025-06-30-at-13.04.12-1152x1536.jpeg 1152w, https:\/\/managevirtually.sdu.edu.tr\/en\/wp-content\/uploads\/sites\/3\/2025\/10\/WhatsApp-Image-2025-06-30-at-13.04.12.jpeg 1536w\" sizes=\"(max-width: 768px) 100vw, 768px\" \/><\/figure>\n\n\n\n<hr class=\"wp-block-separator has-alpha-channel-opacity\"\/>\n\n\n\n<p class=\"has-white-color has-text-color has-background has-link-color has-extra-small-font-size wp-elements-4fc0a2a8363e8c050d09263803143f38\" style=\"background-color:#1a3b49\"><a name=\"conf4\">Conference-Event 4<\/a><\/p>\n\n\n\n<p>Kanat Boya Business Development Group Director Murat Demirhindi explained R&amp;D activities, raw material processes, and market entry stages to our simulation class students.<\/p>\n\n\n\n<hr class=\"wp-block-separator has-alpha-channel-opacity\"\/>\n\n\n\n<figure class=\"wp-block-image size-large\"><img loading=\"lazy\" decoding=\"async\" width=\"1024\" height=\"768\" src=\"https:\/\/managevirtually.sdu.edu.tr\/en\/wp-content\/uploads\/sites\/3\/2025\/12\/WhatsApp-Image-2025-12-04-at-14.23.44-1024x768.jpeg\" alt=\"\" class=\"wp-image-829\" srcset=\"https:\/\/managevirtually.sdu.edu.tr\/en\/wp-content\/uploads\/sites\/3\/2025\/12\/WhatsApp-Image-2025-12-04-at-14.23.44-1024x768.jpeg 1024w, https:\/\/managevirtually.sdu.edu.tr\/en\/wp-content\/uploads\/sites\/3\/2025\/12\/WhatsApp-Image-2025-12-04-at-14.23.44-300x225.jpeg 300w, https:\/\/managevirtually.sdu.edu.tr\/en\/wp-content\/uploads\/sites\/3\/2025\/12\/WhatsApp-Image-2025-12-04-at-14.23.44-768x576.jpeg 768w, https:\/\/managevirtually.sdu.edu.tr\/en\/wp-content\/uploads\/sites\/3\/2025\/12\/WhatsApp-Image-2025-12-04-at-14.23.44-1536x1152.jpeg 1536w, https:\/\/managevirtually.sdu.edu.tr\/en\/wp-content\/uploads\/sites\/3\/2025\/12\/WhatsApp-Image-2025-12-04-at-14.23.44.jpeg 1600w\" sizes=\"(max-width: 1024px) 100vw, 1024px\" \/><\/figure>\n\n\n\n<figure class=\"wp-block-image aligncenter size-large\"><img loading=\"lazy\" decoding=\"async\" width=\"768\" height=\"1024\" src=\"https:\/\/managevirtually.sdu.edu.tr\/en\/wp-content\/uploads\/sites\/3\/2025\/12\/WhatsApp-Image-2025-12-04-at-14.23.27-768x1024.jpeg\" alt=\"\" class=\"wp-image-830\" srcset=\"https:\/\/managevirtually.sdu.edu.tr\/en\/wp-content\/uploads\/sites\/3\/2025\/12\/WhatsApp-Image-2025-12-04-at-14.23.27-768x1024.jpeg 768w, https:\/\/managevirtually.sdu.edu.tr\/en\/wp-content\/uploads\/sites\/3\/2025\/12\/WhatsApp-Image-2025-12-04-at-14.23.27-225x300.jpeg 225w, https:\/\/managevirtually.sdu.edu.tr\/en\/wp-content\/uploads\/sites\/3\/2025\/12\/WhatsApp-Image-2025-12-04-at-14.23.27-1152x1536.jpeg 1152w, https:\/\/managevirtually.sdu.edu.tr\/en\/wp-content\/uploads\/sites\/3\/2025\/12\/WhatsApp-Image-2025-12-04-at-14.23.27.jpeg 1536w\" sizes=\"(max-width: 768px) 100vw, 768px\" \/><\/figure>\n\n\n\n<figure class=\"wp-block-image aligncenter size-large\"><img loading=\"lazy\" decoding=\"async\" width=\"768\" height=\"1024\" src=\"https:\/\/managevirtually.sdu.edu.tr\/en\/wp-content\/uploads\/sites\/3\/2025\/12\/WhatsApp-Image-2025-12-04-at-14.23.17-768x1024.jpeg\" alt=\"\" class=\"wp-image-831\" srcset=\"https:\/\/managevirtually.sdu.edu.tr\/en\/wp-content\/uploads\/sites\/3\/2025\/12\/WhatsApp-Image-2025-12-04-at-14.23.17-768x1024.jpeg 768w, https:\/\/managevirtually.sdu.edu.tr\/en\/wp-content\/uploads\/sites\/3\/2025\/12\/WhatsApp-Image-2025-12-04-at-14.23.17-225x300.jpeg 225w, https:\/\/managevirtually.sdu.edu.tr\/en\/wp-content\/uploads\/sites\/3\/2025\/12\/WhatsApp-Image-2025-12-04-at-14.23.17-1152x1536.jpeg 1152w, https:\/\/managevirtually.sdu.edu.tr\/en\/wp-content\/uploads\/sites\/3\/2025\/12\/WhatsApp-Image-2025-12-04-at-14.23.17.jpeg 1200w\" sizes=\"(max-width: 768px) 100vw, 768px\" \/><\/figure>\n\n\n\n<p><\/p>\n","protected":false},"excerpt":{"rendered":"<p>Conference-Event 1 Within the scope of our European Union project, we held a productive conference with our simulation class on Monday, May 26, 2025. Nazar Tekstil Foreign Trade Operations Manager Sinem G\u00fcm\u00fc\u015f shared the textile sector and our country\u2019s position in this sector, its advantages and disadvantages with our students. In the continuation of the [&hellip;]<\/p>\n","protected":false},"author":1,"featured_media":0,"parent":0,"menu_order":0,"comment_status":"closed","ping_status":"closed","template":"","meta":{"footnotes":""},"class_list":["post-701","page","type-page","status-publish","hentry"],"_links":{"self":[{"href":"https:\/\/managevirtually.sdu.edu.tr\/en\/wp-json\/wp\/v2\/pages\/701"}],"collection":[{"href":"https:\/\/managevirtually.sdu.edu.tr\/en\/wp-json\/wp\/v2\/pages"}],"about":[{"href":"https:\/\/managevirtually.sdu.edu.tr\/en\/wp-json\/wp\/v2\/types\/page"}],"author":[{"embeddable":true,"href":"https:\/\/managevirtually.sdu.edu.tr\/en\/wp-json\/wp\/v2\/users\/1"}],"replies":[{"embeddable":true,"href":"https:\/\/managevirtually.sdu.edu.tr\/en\/wp-json\/wp\/v2\/comments?post=701"}],"version-history":[{"count":5,"href":"https:\/\/managevirtually.sdu.edu.tr\/en\/wp-json\/wp\/v2\/pages\/701\/revisions"}],"predecessor-version":[{"id":832,"href":"https:\/\/managevirtually.sdu.edu.tr\/en\/wp-json\/wp\/v2\/pages\/701\/revisions\/832"}],"wp:attachment":[{"href":"https:\/\/managevirtually.sdu.edu.tr\/en\/wp-json\/wp\/v2\/media?parent=701"}],"curies":[{"name":"wp","href":"https:\/\/api.w.org\/{rel}","templated":true}]}}