{"id":300,"date":"2024-10-16T16:27:02","date_gmt":"2024-10-16T16:27:02","guid":{"rendered":"https:\/\/managevirtually.sdu.edu.tr\/?page_id=300"},"modified":"2024-10-17T09:15:31","modified_gmt":"2024-10-17T06:15:31","slug":"tr-person7","status":"publish","type":"page","link":"https:\/\/managevirtually.sdu.edu.tr\/en\/tr-person7\/","title":{"rendered":"Assistant Prof. Dr. Turgay AYDO\u011eAN"},"content":{"rendered":"\n<figure class=\"wp-block-image aligncenter size-full\"><img loading=\"lazy\" decoding=\"async\" width=\"388\" height=\"259\" src=\"https:\/\/managevirtually.sdu.edu.tr\/en\/wp-content\/uploads\/sites\/3\/2024\/10\/image-7.png\" alt=\"\" class=\"wp-image-301\" srcset=\"https:\/\/managevirtually.sdu.edu.tr\/en\/wp-content\/uploads\/sites\/3\/2024\/10\/image-7.png 388w, https:\/\/managevirtually.sdu.edu.tr\/en\/wp-content\/uploads\/sites\/3\/2024\/10\/image-7-300x200.png 300w\" sizes=\"(max-width: 388px) 100vw, 388px\" \/><\/figure>\n\n\n\n<p>Turgay Aydo\u011fan graduated from Department of Electronics and Computer Education of S\u00fcleyman Demirel University in 2005. He received the M.Sc. degree from S\u00fcleyman Demirel University in 2008 and Ph.D. degree in Sakarya University in 2016. He has-been working as an Assistant Professor in the Department of Computer Engineering, Faculty of Engineering and Natural Sciences since 2017. He has been giving lectures on programming languages and embedded systems programming.<\/p>\n","protected":false},"excerpt":{"rendered":"<p>Turgay Aydo\u011fan graduated from Department of Electronics and Computer Education of S\u00fcleyman Demirel University in 2005. He received the M.Sc. degree from S\u00fcleyman Demirel University in 2008 and Ph.D. degree in Sakarya University in 2016. He has-been working as an Assistant Professor in the Department of Computer Engineering, Faculty of Engineering and Natural Sciences since [&hellip;]<\/p>\n","protected":false},"author":1,"featured_media":0,"parent":0,"menu_order":0,"comment_status":"closed","ping_status":"closed","template":"","meta":{"footnotes":""},"class_list":["post-300","page","type-page","status-publish","hentry"],"_links":{"self":[{"href":"https:\/\/managevirtually.sdu.edu.tr\/en\/wp-json\/wp\/v2\/pages\/300"}],"collection":[{"href":"https:\/\/managevirtually.sdu.edu.tr\/en\/wp-json\/wp\/v2\/pages"}],"about":[{"href":"https:\/\/managevirtually.sdu.edu.tr\/en\/wp-json\/wp\/v2\/types\/page"}],"author":[{"embeddable":true,"href":"https:\/\/managevirtually.sdu.edu.tr\/en\/wp-json\/wp\/v2\/users\/1"}],"replies":[{"embeddable":true,"href":"https:\/\/managevirtually.sdu.edu.tr\/en\/wp-json\/wp\/v2\/comments?post=300"}],"version-history":[{"count":3,"href":"https:\/\/managevirtually.sdu.edu.tr\/en\/wp-json\/wp\/v2\/pages\/300\/revisions"}],"predecessor-version":[{"id":417,"href":"https:\/\/managevirtually.sdu.edu.tr\/en\/wp-json\/wp\/v2\/pages\/300\/revisions\/417"}],"wp:attachment":[{"href":"https:\/\/managevirtually.sdu.edu.tr\/en\/wp-json\/wp\/v2\/media?parent=300"}],"curies":[{"name":"wp","href":"https:\/\/api.w.org\/{rel}","templated":true}]}}