{"id":267,"date":"2024-10-16T15:24:32","date_gmt":"2024-10-16T15:24:32","guid":{"rendered":"https:\/\/managevirtually.sdu.edu.tr\/?page_id=267"},"modified":"2024-10-17T09:43:37","modified_gmt":"2024-10-17T06:43:37","slug":"kick-off-meeting-opening","status":"publish","type":"page","link":"https:\/\/managevirtually.sdu.edu.tr\/en\/kick-off-meeting-opening\/","title":{"rendered":"Project Meetings \/ Kick off Meeting"},"content":{"rendered":"\n<p>The start of the Project \u201c<em>Management in a Virtual World<\/em>\u201d was hosted by the coordinator S\u00fcleyman Demirel \u00dcniversity on 11-12 June 2024 in Isparta, Turkey. University of Sannio (Italy), Bucharest University of Economic Studies (BUES, Romania), Gdansk University of Technology (Poland) and Polytechnic of Porto (ISCAP, Portugal) attended the K-o-M. An Opening Cocktail was held in Adem Efe Conference Hall of S\u00fcleyman Demirel University Faculty of Economics and Administrative Sciences. The coordinator Prof. Dr. Aygen OKSAY made an opening speech. She mentioned the starting point of the Project and the main aims of the Project. Prof. Dr. Hakan Mehmet K\u0130R\u0130\u015e, the Dean of Faculty of Economics and Administrative Sciences and the Vice Rectorate Prof. Dr. Mehmet GEN\u00c7T\u00dcRK underlined the fact how projects are important for the universities and that the management will be supporting the projects in every aspect. The cocktail ended with the speeches of the partners and the project sessions started. The main aims of the project, the milestones, the responsibilities of the project were shared with the partners and the dates of the TPM\u2019s were cleared. The simulation, which will be used as an educational tool during the project, was explained and the task distribution was done.<\/p>\n\n\n\n<figure class=\"wp-block-image aligncenter size-large\"><img loading=\"lazy\" decoding=\"async\" width=\"1024\" height=\"683\" src=\"https:\/\/managevirtually.sdu.edu.tr\/en\/wp-content\/uploads\/sites\/3\/2024\/10\/open1-1024x683.jpg\" alt=\"\" class=\"wp-image-268\" srcset=\"https:\/\/managevirtually.sdu.edu.tr\/en\/wp-content\/uploads\/sites\/3\/2024\/10\/open1-1024x683.jpg 1024w, https:\/\/managevirtually.sdu.edu.tr\/en\/wp-content\/uploads\/sites\/3\/2024\/10\/open1-300x200.jpg 300w, https:\/\/managevirtually.sdu.edu.tr\/en\/wp-content\/uploads\/sites\/3\/2024\/10\/open1-768x512.jpg 768w, https:\/\/managevirtually.sdu.edu.tr\/en\/wp-content\/uploads\/sites\/3\/2024\/10\/open1.jpg 1386w\" sizes=\"(max-width: 1024px) 100vw, 1024px\" \/><\/figure>\n\n\n\n<figure class=\"wp-block-image aligncenter size-large\"><img loading=\"lazy\" decoding=\"async\" width=\"1024\" height=\"683\" src=\"https:\/\/managevirtually.sdu.edu.tr\/en\/wp-content\/uploads\/sites\/3\/2024\/10\/open2-1024x683.jpg\" alt=\"\" class=\"wp-image-269\" srcset=\"https:\/\/managevirtually.sdu.edu.tr\/en\/wp-content\/uploads\/sites\/3\/2024\/10\/open2-1024x683.jpg 1024w, https:\/\/managevirtually.sdu.edu.tr\/en\/wp-content\/uploads\/sites\/3\/2024\/10\/open2-300x200.jpg 300w, https:\/\/managevirtually.sdu.edu.tr\/en\/wp-content\/uploads\/sites\/3\/2024\/10\/open2-768x512.jpg 768w, https:\/\/managevirtually.sdu.edu.tr\/en\/wp-content\/uploads\/sites\/3\/2024\/10\/open2.jpg 1386w\" sizes=\"(max-width: 1024px) 100vw, 1024px\" \/><\/figure>\n\n\n\n<figure class=\"wp-block-image aligncenter size-large\"><img loading=\"lazy\" decoding=\"async\" width=\"1024\" height=\"683\" src=\"https:\/\/managevirtually.sdu.edu.tr\/en\/wp-content\/uploads\/sites\/3\/2024\/10\/open3-1024x683.jpg\" alt=\"\" class=\"wp-image-270\" srcset=\"https:\/\/managevirtually.sdu.edu.tr\/en\/wp-content\/uploads\/sites\/3\/2024\/10\/open3-1024x683.jpg 1024w, https:\/\/managevirtually.sdu.edu.tr\/en\/wp-content\/uploads\/sites\/3\/2024\/10\/open3-300x200.jpg 300w, https:\/\/managevirtually.sdu.edu.tr\/en\/wp-content\/uploads\/sites\/3\/2024\/10\/open3-768x512.jpg 768w, https:\/\/managevirtually.sdu.edu.tr\/en\/wp-content\/uploads\/sites\/3\/2024\/10\/open3.jpg 1386w\" sizes=\"(max-width: 1024px) 100vw, 1024px\" \/><\/figure>\n\n\n\n<figure class=\"wp-block-image aligncenter size-large\"><img loading=\"lazy\" decoding=\"async\" width=\"1024\" height=\"683\" src=\"https:\/\/managevirtually.sdu.edu.tr\/en\/wp-content\/uploads\/sites\/3\/2024\/10\/open4-1024x683.jpg\" alt=\"\" class=\"wp-image-271\" srcset=\"https:\/\/managevirtually.sdu.edu.tr\/en\/wp-content\/uploads\/sites\/3\/2024\/10\/open4-1024x683.jpg 1024w, https:\/\/managevirtually.sdu.edu.tr\/en\/wp-content\/uploads\/sites\/3\/2024\/10\/open4-300x200.jpg 300w, https:\/\/managevirtually.sdu.edu.tr\/en\/wp-content\/uploads\/sites\/3\/2024\/10\/open4-768x512.jpg 768w, https:\/\/managevirtually.sdu.edu.tr\/en\/wp-content\/uploads\/sites\/3\/2024\/10\/open4.jpg 1386w\" sizes=\"(max-width: 1024px) 100vw, 1024px\" \/><\/figure>\n\n\n\n<figure class=\"wp-block-image aligncenter size-large\"><img loading=\"lazy\" decoding=\"async\" width=\"1024\" height=\"607\" src=\"https:\/\/managevirtually.sdu.edu.tr\/en\/wp-content\/uploads\/sites\/3\/2024\/10\/open5-1024x607.jpg\" alt=\"\" class=\"wp-image-272\" srcset=\"https:\/\/managevirtually.sdu.edu.tr\/en\/wp-content\/uploads\/sites\/3\/2024\/10\/open5-1024x607.jpg 1024w, https:\/\/managevirtually.sdu.edu.tr\/en\/wp-content\/uploads\/sites\/3\/2024\/10\/open5-300x178.jpg 300w, https:\/\/managevirtually.sdu.edu.tr\/en\/wp-content\/uploads\/sites\/3\/2024\/10\/open5-768x455.jpg 768w, https:\/\/managevirtually.sdu.edu.tr\/en\/wp-content\/uploads\/sites\/3\/2024\/10\/open5.jpg 1386w\" sizes=\"(max-width: 1024px) 100vw, 1024px\" \/><\/figure>\n\n\n\n<figure class=\"wp-block-image aligncenter size-large\"><img loading=\"lazy\" decoding=\"async\" width=\"1024\" height=\"584\" src=\"https:\/\/managevirtually.sdu.edu.tr\/en\/wp-content\/uploads\/sites\/3\/2024\/10\/open6-1024x584.jpg\" alt=\"\" class=\"wp-image-273\" srcset=\"https:\/\/managevirtually.sdu.edu.tr\/en\/wp-content\/uploads\/sites\/3\/2024\/10\/open6-1024x584.jpg 1024w, https:\/\/managevirtually.sdu.edu.tr\/en\/wp-content\/uploads\/sites\/3\/2024\/10\/open6-300x171.jpg 300w, https:\/\/managevirtually.sdu.edu.tr\/en\/wp-content\/uploads\/sites\/3\/2024\/10\/open6-768x438.jpg 768w, https:\/\/managevirtually.sdu.edu.tr\/en\/wp-content\/uploads\/sites\/3\/2024\/10\/open6.jpg 1386w\" sizes=\"(max-width: 1024px) 100vw, 1024px\" \/><\/figure>\n\n\n\n<figure class=\"wp-block-image aligncenter size-large\"><img loading=\"lazy\" decoding=\"async\" width=\"1024\" height=\"683\" src=\"https:\/\/managevirtually.sdu.edu.tr\/en\/wp-content\/uploads\/sites\/3\/2024\/10\/open7-1024x683.jpg\" alt=\"\" class=\"wp-image-274\" srcset=\"https:\/\/managevirtually.sdu.edu.tr\/en\/wp-content\/uploads\/sites\/3\/2024\/10\/open7-1024x683.jpg 1024w, https:\/\/managevirtually.sdu.edu.tr\/en\/wp-content\/uploads\/sites\/3\/2024\/10\/open7-300x200.jpg 300w, https:\/\/managevirtually.sdu.edu.tr\/en\/wp-content\/uploads\/sites\/3\/2024\/10\/open7-768x512.jpg 768w, https:\/\/managevirtually.sdu.edu.tr\/en\/wp-content\/uploads\/sites\/3\/2024\/10\/open7.jpg 1386w\" sizes=\"(max-width: 1024px) 100vw, 1024px\" \/><\/figure>\n","protected":false},"excerpt":{"rendered":"<p>The start of the Project \u201cManagement in a Virtual World\u201d was hosted by the coordinator S\u00fcleyman Demirel \u00dcniversity on 11-12 June 2024 in Isparta, Turkey. University of Sannio (Italy), Bucharest University of Economic Studies (BUES, Romania), Gdansk University of Technology (Poland) and Polytechnic of Porto (ISCAP, Portugal) attended the K-o-M. An Opening Cocktail was held [&hellip;]<\/p>\n","protected":false},"author":1,"featured_media":0,"parent":0,"menu_order":0,"comment_status":"closed","ping_status":"closed","template":"","meta":{"footnotes":""},"class_list":["post-267","page","type-page","status-publish","hentry"],"_links":{"self":[{"href":"https:\/\/managevirtually.sdu.edu.tr\/en\/wp-json\/wp\/v2\/pages\/267"}],"collection":[{"href":"https:\/\/managevirtually.sdu.edu.tr\/en\/wp-json\/wp\/v2\/pages"}],"about":[{"href":"https:\/\/managevirtually.sdu.edu.tr\/en\/wp-json\/wp\/v2\/types\/page"}],"author":[{"embeddable":true,"href":"https:\/\/managevirtually.sdu.edu.tr\/en\/wp-json\/wp\/v2\/users\/1"}],"replies":[{"embeddable":true,"href":"https:\/\/managevirtually.sdu.edu.tr\/en\/wp-json\/wp\/v2\/comments?post=267"}],"version-history":[{"count":1,"href":"https:\/\/managevirtually.sdu.edu.tr\/en\/wp-json\/wp\/v2\/pages\/267\/revisions"}],"predecessor-version":[{"id":442,"href":"https:\/\/managevirtually.sdu.edu.tr\/en\/wp-json\/wp\/v2\/pages\/267\/revisions\/442"}],"wp:attachment":[{"href":"https:\/\/managevirtually.sdu.edu.tr\/en\/wp-json\/wp\/v2\/media?parent=267"}],"curies":[{"name":"wp","href":"https:\/\/api.w.org\/{rel}","templated":true}]}}